{"id":19007,"date":"2024-03-11T09:45:12","date_gmt":"2024-03-11T13:45:12","guid":{"rendered":"https:\/\/brownhealthcare.com\/?post_type=product&#038;p=19007"},"modified":"2024-03-11T09:46:15","modified_gmt":"2024-03-11T13:46:15","slug":"le-ferme-porte-t-pull","status":"publish","type":"product","link":"https:\/\/brownhealthcare.com\/fr\/produit\/le-ferme-porte-t-pull\/","title":{"rendered":"Le ferme-porte T-Pull"},"content":{"rendered":"<p>Vous aide \u00e0 atteindre facilement la poign\u00e9e pour fermer une porte \/ Ergonomique, durable et facile \u00e0 installer \/ Fabriqu\u00e9 au Canada<\/p>\n<p>Le ferme-porte T-Pull est un excellent appareil pour les personnes en fauteuil roulant ainsi que pour toute personne utilisant des b\u00e9quilles. Avec le ferme-porte, fermer les portes devient une t\u00e2che simple. Fabriqu\u00e9 en plastique ABS noir robuste pour bien r\u00e9sister au froid, \u00e0 la chaleur, \u00e0 l&#8217;humidit\u00e9 et plus encore. Facile \u00e0 installer \u2013 il suffit de d\u00e9coller le dos et de coller \u00e0 la porte \u2013 ou d&#8217;utiliser les deux vis fournies pour plus de solidit\u00e9. Mesure 7,75 pouces (19,7 cm) de longueur totale. Se range lorsqu&#8217;il n&#8217;est pas utilis\u00e9. Fabriqu\u00e9 au Canada.<\/p>\n<p>Ne pas utiliser comme poign\u00e9e de support pour le transfert ou la stabilit\u00e9. Non test\u00e9 sur les portes vitr\u00e9es ou coupe-feu.<\/p>\n","protected":false},"excerpt":{"rendered":"<p>Vous aide \u00e0 atteindre facilement la poign\u00e9e pour fermer une  [&#8230;]<\/p>\n","protected":false},"featured_media":19006,"template":"","meta":[],"pwb-brand":[],"product_brand":[],"product_cat":[134],"product_tag":[],"class_list":{"0":"post-19007","1":"product","2":"type-product","3":"status-publish","4":"has-post-thumbnail","6":"product_cat-aids-to-daily-living-fr","8":"first","9":"instock","10":"taxable","11":"shipping-taxable","12":"purchasable","13":"product-type-simple"},"brands":[],"_links":{"self":[{"href":"https:\/\/brownhealthcare.com\/fr\/wp-json\/wp\/v2\/product\/19007","targetHints":{"allow":["GET"]}}],"collection":[{"href":"https:\/\/brownhealthcare.com\/fr\/wp-json\/wp\/v2\/product"}],"about":[{"href":"https:\/\/brownhealthcare.com\/fr\/wp-json\/wp\/v2\/types\/product"}],"wp:featuredmedia":[{"embeddable":true,"href":"https:\/\/brownhealthcare.com\/fr\/wp-json\/wp\/v2\/media\/19006"}],"wp:attachment":[{"href":"https:\/\/brownhealthcare.com\/fr\/wp-json\/wp\/v2\/media?parent=19007"}],"wp:term":[{"taxonomy":"pwb-brand","embeddable":true,"href":"https:\/\/brownhealthcare.com\/fr\/wp-json\/wp\/v2\/pwb-brand?post=19007"},{"taxonomy":"product_brand","embeddable":true,"href":"https:\/\/brownhealthcare.com\/fr\/wp-json\/wp\/v2\/product_brand?post=19007"},{"taxonomy":"product_cat","embeddable":true,"href":"https:\/\/brownhealthcare.com\/fr\/wp-json\/wp\/v2\/product_cat?post=19007"},{"taxonomy":"product_tag","embeddable":true,"href":"https:\/\/brownhealthcare.com\/fr\/wp-json\/wp\/v2\/product_tag?post=19007"}],"curies":[{"name":"wp","href":"https:\/\/api.w.org\/{rel}","templated":true}]}}