{"id":17575,"date":"2023-07-10T14:20:04","date_gmt":"2023-07-10T18:20:04","guid":{"rendered":"https:\/\/brownhealthcare.flywheelsites.com\/?product=charniere-de-porte-extensible"},"modified":"2024-02-07T00:18:13","modified_gmt":"2024-02-07T05:18:13","slug":"charniere-de-porte-extensible","status":"publish","type":"product","link":"https:\/\/brownhealthcare.com\/fr\/produit\/charniere-de-porte-extensible\/","title":{"rendered":"Charni\u00e8re de porte extensible"},"content":{"rendered":"<p>Un moyen facile d&#8217;ajouter deux pouces \u00e0 la plupart des portes permettant l&#8217;acc\u00e8s aux fauteuils roulants et aux d\u00e9ambulateurs. S&#8217;installe facilement et utilise les m\u00eames vis et trous d\u00e9j\u00e0 pr\u00e9sents dans le cadre de votre porte. Vendus s\u00e9par\u00e9ment. Remarque : votre porte peut avoir besoin de trois charni\u00e8res, alors assurez-vous de v\u00e9rifier avant de commander.<\/p>\n","protected":false},"excerpt":{"rendered":"<p>Un moyen facile d&#8217;ajouter deux pouces \u00e0 la plupart des  [&#8230;]<\/p>\n","protected":false},"featured_media":17574,"template":"","meta":[],"pwb-brand":[],"product_brand":[],"product_cat":[134],"product_tag":[],"class_list":{"0":"post-17575","1":"product","2":"type-product","3":"status-publish","4":"has-post-thumbnail","6":"product_cat-aids-to-daily-living-fr","8":"first","9":"instock","10":"shipping-taxable","11":"purchasable","12":"product-type-simple"},"brands":[],"_links":{"self":[{"href":"https:\/\/brownhealthcare.com\/fr\/wp-json\/wp\/v2\/product\/17575","targetHints":{"allow":["GET"]}}],"collection":[{"href":"https:\/\/brownhealthcare.com\/fr\/wp-json\/wp\/v2\/product"}],"about":[{"href":"https:\/\/brownhealthcare.com\/fr\/wp-json\/wp\/v2\/types\/product"}],"wp:featuredmedia":[{"embeddable":true,"href":"https:\/\/brownhealthcare.com\/fr\/wp-json\/wp\/v2\/media\/17574"}],"wp:attachment":[{"href":"https:\/\/brownhealthcare.com\/fr\/wp-json\/wp\/v2\/media?parent=17575"}],"wp:term":[{"taxonomy":"pwb-brand","embeddable":true,"href":"https:\/\/brownhealthcare.com\/fr\/wp-json\/wp\/v2\/pwb-brand?post=17575"},{"taxonomy":"product_brand","embeddable":true,"href":"https:\/\/brownhealthcare.com\/fr\/wp-json\/wp\/v2\/product_brand?post=17575"},{"taxonomy":"product_cat","embeddable":true,"href":"https:\/\/brownhealthcare.com\/fr\/wp-json\/wp\/v2\/product_cat?post=17575"},{"taxonomy":"product_tag","embeddable":true,"href":"https:\/\/brownhealthcare.com\/fr\/wp-json\/wp\/v2\/product_tag?post=17575"}],"curies":[{"name":"wp","href":"https:\/\/api.w.org\/{rel}","templated":true}]}}