{"id":17567,"date":"2022-01-01T11:59:53","date_gmt":"2022-01-01T16:59:53","guid":{"rendered":"https:\/\/brownhealthcare.flywheelsites.com\/?product=bedderfeet-bed-pad"},"modified":"2024-02-07T20:33:25","modified_gmt":"2024-02-08T01:33:25","slug":"bedderfeet-bed-pad","status":"publish","type":"product","link":"https:\/\/brownhealthcare.com\/fr\/produit\/bedderfeet-bed-pad\/","title":{"rendered":"BedderFeet Bed Pad"},"content":{"rendered":"<p>Transforme un matelas en un protecteur de pied et de talon\u00a0!<br \/>\n&#8211; Cinq couches de textile Premium DermaSaver MicroSpring*<br \/>\n&#8211; Peut \u00eatre utilis\u00e9 comme aide pr\u00e9ventive ou cicatrisante<br \/>\n&#8211; Facile \u00e0 utiliser avec une haute acceptabilit\u00e9, permet des voyages plus faciles et plus s\u00fbrs dans la salle de bain<br \/>\n&#8211; R\u00e9duit la pression dommageable, la transparence et la friction sur les talons, la mall\u00e9ole et le pied lat\u00e9ral<br \/>\n&#8211; Ne facilite pas la croissance des microbes<br \/>\n&#8211; N&#8217;emprisonne pas l&#8217;humidit\u00e9 comme un chausson<br \/>\n&#8211; Totalement lavage et s\u00e9chage en machine, m\u00eame dans les blanchisseries institutionnelles<br \/>\n&#8211; Respirant ~ 90% d&#8217;air entre les couches de tissu et de filament<br \/>\n&#8211; Reste en place ~ Panneau inf\u00e9rieur et plis lat\u00e9raux super adh\u00e9rents<br \/>\n&#8211; Sans latex<br \/>\n&#8211; Convient aux lits jumeaux et d&#8217;h\u00f4pital standard (35&#8243; &#8211; 40&#8243;)<br \/>\n&#8211; Une seule taille<\/p>\n","protected":false},"excerpt":{"rendered":"<p>Transforme un matelas en un protecteur de pied et de  [&#8230;]<\/p>\n","protected":false},"featured_media":17566,"template":"","meta":[],"pwb-brand":[],"product_brand":[],"product_cat":[132],"product_tag":[],"class_list":{"0":"post-17567","1":"product","2":"type-product","3":"status-publish","4":"has-post-thumbnail","6":"product_cat-dermasaver-fr","8":"first","9":"instock","10":"taxable","11":"shipping-taxable","12":"product-type-simple"},"brands":[],"_links":{"self":[{"href":"https:\/\/brownhealthcare.com\/fr\/wp-json\/wp\/v2\/product\/17567","targetHints":{"allow":["GET"]}}],"collection":[{"href":"https:\/\/brownhealthcare.com\/fr\/wp-json\/wp\/v2\/product"}],"about":[{"href":"https:\/\/brownhealthcare.com\/fr\/wp-json\/wp\/v2\/types\/product"}],"wp:featuredmedia":[{"embeddable":true,"href":"https:\/\/brownhealthcare.com\/fr\/wp-json\/wp\/v2\/media\/17566"}],"wp:attachment":[{"href":"https:\/\/brownhealthcare.com\/fr\/wp-json\/wp\/v2\/media?parent=17567"}],"wp:term":[{"taxonomy":"pwb-brand","embeddable":true,"href":"https:\/\/brownhealthcare.com\/fr\/wp-json\/wp\/v2\/pwb-brand?post=17567"},{"taxonomy":"product_brand","embeddable":true,"href":"https:\/\/brownhealthcare.com\/fr\/wp-json\/wp\/v2\/product_brand?post=17567"},{"taxonomy":"product_cat","embeddable":true,"href":"https:\/\/brownhealthcare.com\/fr\/wp-json\/wp\/v2\/product_cat?post=17567"},{"taxonomy":"product_tag","embeddable":true,"href":"https:\/\/brownhealthcare.com\/fr\/wp-json\/wp\/v2\/product_tag?post=17567"}],"curies":[{"name":"wp","href":"https:\/\/api.w.org\/{rel}","templated":true}]}}