{"id":17563,"date":"2020-04-28T17:24:05","date_gmt":"2020-04-28T21:24:05","guid":{"rendered":"https:\/\/brownhealthcare.flywheelsites.com\/?product=couvercle-de-tube-doxygene"},"modified":"2024-02-07T20:34:11","modified_gmt":"2024-02-08T01:34:11","slug":"couvercle-de-tube-doxygene","status":"publish","type":"product","link":"https:\/\/brownhealthcare.com\/fr\/produit\/couvercle-de-tube-doxygene\/","title":{"rendered":"Couvercle de tube d&#8217;oxyg\u00e8ne"},"content":{"rendered":"<p>Les couvertures de tube d&#8217;oxyg\u00e8ne DermaSaver sont con\u00e7ues pour r\u00e9duire la friction et l&#8217;abrasion caus\u00e9es par le frottement de la peau par les tubes d&#8217;oxyg\u00e8ne ou les tubes d&#8217;alimentation. Le frottement prolong\u00e9 des tubes \u00e0 oxyg\u00e8ne ou des tubes d&#8217;alimentation dans les m\u00eames zones de peau fine et compromise provoque fr\u00e9quemment une abrasion et des ulc\u00e9rations douloureuses. Les couvertures de tube d&#8217;oxyg\u00e8ne DermaSaver offrent une protection amortissante \u00e0 la peau vuln\u00e9rable et permettent \u00e0 l&#8217;air de gu\u00e9rison d&#8217;atteindre la peau, minimisant ainsi le risque de l\u00e9sions cutan\u00e9es.<\/p>\n<p>Les couvertures pour tubes d&#8217;oxyg\u00e8ne DermaSaver sont fabriqu\u00e9es \u00e0 partir d&#8217;une seule couche de textile MicroSpring qui prot\u00e8ge la peau des frottements r\u00e9p\u00e9t\u00e9s des tubes d&#8217;oxyg\u00e8ne ou des tubes d&#8217;alimentation. Veuillez noter que les couvercles de tube d&#8217;oxyg\u00e8ne peuvent \u00e9galement \u00eatre utilis\u00e9s comme couvercles de tube d&#8217;alimentation.<\/p>\n<p>Chaque paquet contient 10 couvertures de 30 x 70 mm chacune<\/p>\n","protected":false},"excerpt":{"rendered":"<p>Les couvertures de tube d&#8217;oxyg\u00e8ne DermaSaver sont con\u00e7ues pour r\u00e9duire  [&#8230;]<\/p>\n","protected":false},"featured_media":17562,"template":"","meta":[],"pwb-brand":[],"product_brand":[],"product_cat":[132],"product_tag":[],"class_list":{"0":"post-17563","1":"product","2":"type-product","3":"status-publish","4":"has-post-thumbnail","6":"product_cat-dermasaver-fr","8":"first","9":"instock","10":"taxable","11":"shipping-taxable","12":"product-type-simple"},"brands":[],"_links":{"self":[{"href":"https:\/\/brownhealthcare.com\/fr\/wp-json\/wp\/v2\/product\/17563","targetHints":{"allow":["GET"]}}],"collection":[{"href":"https:\/\/brownhealthcare.com\/fr\/wp-json\/wp\/v2\/product"}],"about":[{"href":"https:\/\/brownhealthcare.com\/fr\/wp-json\/wp\/v2\/types\/product"}],"wp:featuredmedia":[{"embeddable":true,"href":"https:\/\/brownhealthcare.com\/fr\/wp-json\/wp\/v2\/media\/17562"}],"wp:attachment":[{"href":"https:\/\/brownhealthcare.com\/fr\/wp-json\/wp\/v2\/media?parent=17563"}],"wp:term":[{"taxonomy":"pwb-brand","embeddable":true,"href":"https:\/\/brownhealthcare.com\/fr\/wp-json\/wp\/v2\/pwb-brand?post=17563"},{"taxonomy":"product_brand","embeddable":true,"href":"https:\/\/brownhealthcare.com\/fr\/wp-json\/wp\/v2\/product_brand?post=17563"},{"taxonomy":"product_cat","embeddable":true,"href":"https:\/\/brownhealthcare.com\/fr\/wp-json\/wp\/v2\/product_cat?post=17563"},{"taxonomy":"product_tag","embeddable":true,"href":"https:\/\/brownhealthcare.com\/fr\/wp-json\/wp\/v2\/product_tag?post=17563"}],"curies":[{"name":"wp","href":"https:\/\/api.w.org\/{rel}","templated":true}]}}