{"id":17531,"date":"2018-10-09T13:02:20","date_gmt":"2018-10-09T17:02:20","guid":{"rendered":"https:\/\/brownhealthcare.flywheelsites.com\/?product=couvercle-de-remplacement-pour-tasse-a-double-poignee"},"modified":"2021-12-28T16:40:55","modified_gmt":"2021-12-28T16:40:55","slug":"couvercle-de-remplacement-pour-tasse-a-double-poignee","status":"publish","type":"product","link":"https:\/\/brownhealthcare.com\/fr\/produit\/couvercle-de-remplacement-pour-tasse-a-double-poignee\/","title":{"rendered":"Couvercle de remplacement pour tasse \u00e0 double poign\u00e9e"},"content":{"rendered":"<p>Couvercle de remplacement pour tasse \u00e0 double poign\u00e9e<\/p>\n","protected":false},"excerpt":{"rendered":"<p>Couvercle de remplacement pour tasse \u00e0 double poign\u00e9e<\/p>\n","protected":false},"featured_media":17528,"template":"","meta":[],"pwb-brand":[],"product_brand":[],"product_cat":[134],"product_tag":[],"class_list":{"0":"post-17531","1":"product","2":"type-product","3":"status-publish","4":"has-post-thumbnail","6":"product_cat-aids-to-daily-living-fr","8":"first","9":"instock","10":"shipping-taxable","11":"purchasable","12":"product-type-simple"},"brands":[],"_links":{"self":[{"href":"https:\/\/brownhealthcare.com\/fr\/wp-json\/wp\/v2\/product\/17531","targetHints":{"allow":["GET"]}}],"collection":[{"href":"https:\/\/brownhealthcare.com\/fr\/wp-json\/wp\/v2\/product"}],"about":[{"href":"https:\/\/brownhealthcare.com\/fr\/wp-json\/wp\/v2\/types\/product"}],"wp:featuredmedia":[{"embeddable":true,"href":"https:\/\/brownhealthcare.com\/fr\/wp-json\/wp\/v2\/media\/17528"}],"wp:attachment":[{"href":"https:\/\/brownhealthcare.com\/fr\/wp-json\/wp\/v2\/media?parent=17531"}],"wp:term":[{"taxonomy":"pwb-brand","embeddable":true,"href":"https:\/\/brownhealthcare.com\/fr\/wp-json\/wp\/v2\/pwb-brand?post=17531"},{"taxonomy":"product_brand","embeddable":true,"href":"https:\/\/brownhealthcare.com\/fr\/wp-json\/wp\/v2\/product_brand?post=17531"},{"taxonomy":"product_cat","embeddable":true,"href":"https:\/\/brownhealthcare.com\/fr\/wp-json\/wp\/v2\/product_cat?post=17531"},{"taxonomy":"product_tag","embeddable":true,"href":"https:\/\/brownhealthcare.com\/fr\/wp-json\/wp\/v2\/product_tag?post=17531"}],"curies":[{"name":"wp","href":"https:\/\/api.w.org\/{rel}","templated":true}]}}