{"id":17529,"date":"2018-10-09T12:48:56","date_gmt":"2018-10-09T16:48:56","guid":{"rendered":"https:\/\/brownhealthcare.flywheelsites.com\/?product=tasse-a-double-poignee"},"modified":"2021-12-28T16:25:31","modified_gmt":"2021-12-28T16:25:31","slug":"tasse-a-double-poignee","status":"publish","type":"product","link":"https:\/\/brownhealthcare.com\/fr\/produit\/tasse-a-double-poignee\/","title":{"rendered":"Tasse \u00e0 Double Poign\u00e9e"},"content":{"rendered":"<p>Ce mug en plastique transparent poss\u00e8de deux poign\u00e9es pour rendre la consommation de boissons plus s\u00fbre et plus facile pour les personnes ayant une faible emprise ou des tremblements. Les poign\u00e9es peuvent accueillir quatre doigts adultes et le couvercle poss\u00e8de un bec verseur pour \u00e9viter les d\u00e9versements. Le design transparent indique instantan\u00e9ment le niveau de contenu. Base large pour r\u00e9sister au basculement. Va au lave-vaisselle jusqu&#8217;\u00e0 90 \u00b0 C (194 \u00b0 F). Micro-ondable. Capacit\u00e9 de 10 oz (295 ml).<\/p>\n<p><p>Couvercles de remplacement disponibles: <a href=\"https:\/\/www.brownhealthcare.com\/product_info.php?cPath=28&#038;products_id=3000144\" target=\"_blank\">Couvercle de remplacement pour tasse \u00e0 double poign\u00e9e<\/a><\/p>\n","protected":false},"excerpt":{"rendered":"<p>Ce mug en plastique transparent poss\u00e8de deux poign\u00e9es pour rendre  [&#8230;]<\/p>\n","protected":false},"featured_media":17528,"template":"","meta":[],"pwb-brand":[],"product_brand":[],"product_cat":[134],"product_tag":[],"class_list":{"0":"post-17529","1":"product","2":"type-product","3":"status-publish","4":"has-post-thumbnail","6":"product_cat-aids-to-daily-living-fr","8":"first","9":"instock","10":"shipping-taxable","11":"purchasable","12":"product-type-simple"},"brands":[],"_links":{"self":[{"href":"https:\/\/brownhealthcare.com\/fr\/wp-json\/wp\/v2\/product\/17529","targetHints":{"allow":["GET"]}}],"collection":[{"href":"https:\/\/brownhealthcare.com\/fr\/wp-json\/wp\/v2\/product"}],"about":[{"href":"https:\/\/brownhealthcare.com\/fr\/wp-json\/wp\/v2\/types\/product"}],"wp:featuredmedia":[{"embeddable":true,"href":"https:\/\/brownhealthcare.com\/fr\/wp-json\/wp\/v2\/media\/17528"}],"wp:attachment":[{"href":"https:\/\/brownhealthcare.com\/fr\/wp-json\/wp\/v2\/media?parent=17529"}],"wp:term":[{"taxonomy":"pwb-brand","embeddable":true,"href":"https:\/\/brownhealthcare.com\/fr\/wp-json\/wp\/v2\/pwb-brand?post=17529"},{"taxonomy":"product_brand","embeddable":true,"href":"https:\/\/brownhealthcare.com\/fr\/wp-json\/wp\/v2\/product_brand?post=17529"},{"taxonomy":"product_cat","embeddable":true,"href":"https:\/\/brownhealthcare.com\/fr\/wp-json\/wp\/v2\/product_cat?post=17529"},{"taxonomy":"product_tag","embeddable":true,"href":"https:\/\/brownhealthcare.com\/fr\/wp-json\/wp\/v2\/product_tag?post=17529"}],"curies":[{"name":"wp","href":"https:\/\/api.w.org\/{rel}","templated":true}]}}