{"id":17505,"date":"2018-03-20T15:51:43","date_gmt":"2018-03-20T19:51:43","guid":{"rendered":"https:\/\/brownhealthcare.flywheelsites.com\/?product=dermalift-boot"},"modified":"2024-02-07T20:41:20","modified_gmt":"2024-02-08T01:41:20","slug":"dermalift-boot","status":"publish","type":"product","link":"https:\/\/brownhealthcare.com\/fr\/produit\/dermalift-boot\/","title":{"rendered":"DermaLift Boot"},"content":{"rendered":"<p>DermaLift \u00e9l\u00e8ve et d\u00e9barque dans un confort total. Cushiony DermaSaver textile microspring support\u00e9 par la fondation de support polyfill anatomique distribue uniform\u00e9ment la pression hors charge sur la plus grande zone de la cheville et du mollet. Sp\u00e9cifiquement con\u00e7u pour surmonter les d\u00e9chargeurs de ligne anciens encombrants et inconfortables sur le march\u00e9. Enti\u00e8rement laver \u00e0 la machine et s\u00e9cher ou essuyer la surface propre pour le nettoyage de tache. Peut \u00eatre port\u00e9 sur les deux pieds.<\/p>\n<p>Patient transf\u00e9rable lorsqu&#8217;il est lav\u00e9 selon les recommandations du CDC pour le contr\u00f4le de l&#8217;infection (lavage \u00e0 160 \u00b0 F pendant 30 minutes).<\/p>\n<p>Taille unique.<\/p>\n","protected":false},"excerpt":{"rendered":"<p>DermaLift \u00e9l\u00e8ve et d\u00e9barque dans un confort total. Cushiony DermaSaver  [&#8230;]<\/p>\n","protected":false},"featured_media":17504,"template":"","meta":[],"pwb-brand":[],"product_brand":[],"product_cat":[132],"product_tag":[],"class_list":{"0":"post-17505","1":"product","2":"type-product","3":"status-publish","4":"has-post-thumbnail","6":"product_cat-dermasaver-fr","8":"first","9":"instock","10":"taxable","11":"shipping-taxable","12":"product-type-simple"},"brands":[],"_links":{"self":[{"href":"https:\/\/brownhealthcare.com\/fr\/wp-json\/wp\/v2\/product\/17505","targetHints":{"allow":["GET"]}}],"collection":[{"href":"https:\/\/brownhealthcare.com\/fr\/wp-json\/wp\/v2\/product"}],"about":[{"href":"https:\/\/brownhealthcare.com\/fr\/wp-json\/wp\/v2\/types\/product"}],"wp:featuredmedia":[{"embeddable":true,"href":"https:\/\/brownhealthcare.com\/fr\/wp-json\/wp\/v2\/media\/17504"}],"wp:attachment":[{"href":"https:\/\/brownhealthcare.com\/fr\/wp-json\/wp\/v2\/media?parent=17505"}],"wp:term":[{"taxonomy":"pwb-brand","embeddable":true,"href":"https:\/\/brownhealthcare.com\/fr\/wp-json\/wp\/v2\/pwb-brand?post=17505"},{"taxonomy":"product_brand","embeddable":true,"href":"https:\/\/brownhealthcare.com\/fr\/wp-json\/wp\/v2\/product_brand?post=17505"},{"taxonomy":"product_cat","embeddable":true,"href":"https:\/\/brownhealthcare.com\/fr\/wp-json\/wp\/v2\/product_cat?post=17505"},{"taxonomy":"product_tag","embeddable":true,"href":"https:\/\/brownhealthcare.com\/fr\/wp-json\/wp\/v2\/product_tag?post=17505"}],"curies":[{"name":"wp","href":"https:\/\/api.w.org\/{rel}","templated":true}]}}