{"id":17492,"date":"2017-09-30T16:22:38","date_gmt":"2017-09-30T20:22:38","guid":{"rendered":"https:\/\/brownhealthcare.flywheelsites.com\/?product=theres-no-right-way-telechargeable"},"modified":"2024-02-11T13:41:50","modified_gmt":"2024-02-11T18:41:50","slug":"theres-no-right-way-telechargeable","status":"publish","type":"product","link":"https:\/\/brownhealthcare.com\/fr\/produit\/theres-no-right-way-telechargeable\/","title":{"rendered":"There&#8217;s No Right Way (T\u00e9l\u00e9chargeable)"},"content":{"rendered":"<p>Il est difficile de savoir quoi dire quand nos amis et proches vont traverser une p\u00e9riode difficile. Vous voulez qu&#8217;ils savent que vous \u00eates l\u00e0 pour eux mais il ya une lutte pour trouver les mots appropri\u00e9s. <a href=\"http:\/\/www.theoldish.com\/\" target=\"_blank\" rel=\"noopener\">The Oldish<\/a> a produit une nouvelle gamme de cartes empathie et nous sommes fiers d&#8217;\u00eatre leur d\u00e9taillant en ligne.<\/p>\n<p>Sentiment Ext\u00e9rieur: There&#8217;s no right way or wrong way<\/p>\n<p>Sentiment \u00c0 l&#8217;int\u00e9rieur: There&#8217;s only the straight through it way \u00a0 so feel what you feel \u00a0 I&#8217;m here for you and my shoulders are strong<\/p>\n<p>Cette carte est mieux imprim\u00e9e sur un presse-papier de 120 lb (325 GSM). Chaque carte mesure 4&#8243; x 5,5&#8243; et s&#8217;ins\u00e9rera dans une enveloppe de carte de v\u0153ux A2 standard.<\/p>\n","protected":false},"excerpt":{"rendered":"<p>Il est difficile de savoir quoi dire quand nos amis  [&#8230;]<\/p>\n","protected":false},"featured_media":17136,"template":"","meta":[],"pwb-brand":[],"product_brand":[],"product_cat":[140],"product_tag":[],"class_list":{"0":"post-17492","1":"product","2":"type-product","3":"status-publish","4":"has-post-thumbnail","6":"product_cat-cartes-dempathie","8":"first","9":"instock","10":"downloadable","11":"virtual","12":"taxable","13":"purchasable","14":"product-type-simple"},"brands":[],"_links":{"self":[{"href":"https:\/\/brownhealthcare.com\/fr\/wp-json\/wp\/v2\/product\/17492","targetHints":{"allow":["GET"]}}],"collection":[{"href":"https:\/\/brownhealthcare.com\/fr\/wp-json\/wp\/v2\/product"}],"about":[{"href":"https:\/\/brownhealthcare.com\/fr\/wp-json\/wp\/v2\/types\/product"}],"wp:featuredmedia":[{"embeddable":true,"href":"https:\/\/brownhealthcare.com\/fr\/wp-json\/wp\/v2\/media\/17136"}],"wp:attachment":[{"href":"https:\/\/brownhealthcare.com\/fr\/wp-json\/wp\/v2\/media?parent=17492"}],"wp:term":[{"taxonomy":"pwb-brand","embeddable":true,"href":"https:\/\/brownhealthcare.com\/fr\/wp-json\/wp\/v2\/pwb-brand?post=17492"},{"taxonomy":"product_brand","embeddable":true,"href":"https:\/\/brownhealthcare.com\/fr\/wp-json\/wp\/v2\/product_brand?post=17492"},{"taxonomy":"product_cat","embeddable":true,"href":"https:\/\/brownhealthcare.com\/fr\/wp-json\/wp\/v2\/product_cat?post=17492"},{"taxonomy":"product_tag","embeddable":true,"href":"https:\/\/brownhealthcare.com\/fr\/wp-json\/wp\/v2\/product_tag?post=17492"}],"curies":[{"name":"wp","href":"https:\/\/api.w.org\/{rel}","templated":true}]}}