{"id":17488,"date":"2017-09-30T16:21:22","date_gmt":"2017-09-30T20:21:22","guid":{"rendered":"https:\/\/brownhealthcare.flywheelsites.com\/?product=life-is-not-following-telechargeable"},"modified":"2024-02-11T13:42:59","modified_gmt":"2024-02-11T18:42:59","slug":"life-is-not-following-telechargeable","status":"publish","type":"product","link":"https:\/\/brownhealthcare.com\/fr\/produit\/life-is-not-following-telechargeable\/","title":{"rendered":"Life Is Not Following (T\u00e9l\u00e9chargeable)"},"content":{"rendered":"<p>Il est difficile de savoir quoi dire quand nos amis et proches vont traverser une p\u00e9riode difficile. Vous voulez qu&#8217;ils savent que vous \u00eates l\u00e0 pour eux mais il ya une lutte pour trouver les mots appropri\u00e9s. <a href=\"http:\/\/www.theoldish.com\/\">The Oldish<\/a> a produit une nouvelle gamme de cartes empathie et nous sommes fiers d&#8217;\u00eatre leur d\u00e9taillant en ligne.<\/p>\n<p>Sentiment Ext\u00e9rieur: Life is not following the path you hoped it would<\/p>\n<p>Sentiment \u00c0 l&#8217;int\u00e9rieur:\u00a0This path may require a village \u00a0 We are here for you<\/p>\n<p>Cette carte est mieux imprim\u00e9e sur un presse-papier de 120 lb (325 GSM). Chaque carte mesure 4&#8243; x 5,5&#8243; et s&#8217;ins\u00e9rera dans une enveloppe de carte de v\u0153ux A2 standard.<\/p>\n","protected":false},"excerpt":{"rendered":"<p>Il est difficile de savoir quoi dire quand nos amis  [&#8230;]<\/p>\n","protected":false},"featured_media":17140,"template":"","meta":[],"pwb-brand":[],"product_brand":[],"product_cat":[140],"product_tag":[],"class_list":{"0":"post-17488","1":"product","2":"type-product","3":"status-publish","4":"has-post-thumbnail","6":"product_cat-cartes-dempathie","8":"first","9":"instock","10":"downloadable","11":"virtual","12":"taxable","13":"purchasable","14":"product-type-simple"},"brands":[],"_links":{"self":[{"href":"https:\/\/brownhealthcare.com\/fr\/wp-json\/wp\/v2\/product\/17488","targetHints":{"allow":["GET"]}}],"collection":[{"href":"https:\/\/brownhealthcare.com\/fr\/wp-json\/wp\/v2\/product"}],"about":[{"href":"https:\/\/brownhealthcare.com\/fr\/wp-json\/wp\/v2\/types\/product"}],"wp:featuredmedia":[{"embeddable":true,"href":"https:\/\/brownhealthcare.com\/fr\/wp-json\/wp\/v2\/media\/17140"}],"wp:attachment":[{"href":"https:\/\/brownhealthcare.com\/fr\/wp-json\/wp\/v2\/media?parent=17488"}],"wp:term":[{"taxonomy":"pwb-brand","embeddable":true,"href":"https:\/\/brownhealthcare.com\/fr\/wp-json\/wp\/v2\/pwb-brand?post=17488"},{"taxonomy":"product_brand","embeddable":true,"href":"https:\/\/brownhealthcare.com\/fr\/wp-json\/wp\/v2\/product_brand?post=17488"},{"taxonomy":"product_cat","embeddable":true,"href":"https:\/\/brownhealthcare.com\/fr\/wp-json\/wp\/v2\/product_cat?post=17488"},{"taxonomy":"product_tag","embeddable":true,"href":"https:\/\/brownhealthcare.com\/fr\/wp-json\/wp\/v2\/product_tag?post=17488"}],"curies":[{"name":"wp","href":"https:\/\/api.w.org\/{rel}","templated":true}]}}