{"id":17478,"date":"2017-09-20T13:23:17","date_gmt":"2017-09-20T17:23:17","guid":{"rendered":"https:\/\/brownhealthcare.flywheelsites.com\/?product=dermaboot-total-foot-protector"},"modified":"2024-02-07T20:42:45","modified_gmt":"2024-02-08T01:42:45","slug":"dermaboot-total-foot-protector","status":"publish","type":"product","link":"https:\/\/brownhealthcare.com\/fr\/produit\/dermaboot-total-foot-protector\/","title":{"rendered":"DermaBoot Total Foot Protector"},"content":{"rendered":"<p>Cinq couches de textile MicroSpring coussinent les talons et les os de la cheville tandis que deux couches prot\u00e8gent le pied et les orteils. DermaBoot couvre tout le pied et la cheville. Peut \u00eatre port\u00e9 en marchant avec un fond antid\u00e9rapant.<\/p>\n<p>Tailles disponibles mesur\u00e9es de talon \u00e0 pied:<\/p>\n<p>Petit &#8211; 7 &#8220;\u00e0 8 3\/4&#8221;<\/p>\n<p>Moyen &#8211; 9 &#8220;\u00e0 10 3\/4&#8221;<\/p>\n<p>Large &#8211; 11 &#8220;\u00e0 13&#8221;<\/p>\n","protected":false},"excerpt":{"rendered":"<p>Cinq couches de textile MicroSpring coussinent les talons et les  [&#8230;]<\/p>\n","protected":false},"featured_media":17474,"template":"","meta":[],"pwb-brand":[],"product_brand":[],"product_cat":[132],"product_tag":[],"class_list":{"0":"post-17478","1":"product","2":"type-product","3":"status-publish","4":"has-post-thumbnail","6":"product_cat-dermasaver-fr","8":"first","9":"instock","10":"taxable","11":"shipping-taxable","12":"product-type-variable"},"brands":[],"_links":{"self":[{"href":"https:\/\/brownhealthcare.com\/fr\/wp-json\/wp\/v2\/product\/17478","targetHints":{"allow":["GET"]}}],"collection":[{"href":"https:\/\/brownhealthcare.com\/fr\/wp-json\/wp\/v2\/product"}],"about":[{"href":"https:\/\/brownhealthcare.com\/fr\/wp-json\/wp\/v2\/types\/product"}],"wp:featuredmedia":[{"embeddable":true,"href":"https:\/\/brownhealthcare.com\/fr\/wp-json\/wp\/v2\/media\/17474"}],"wp:attachment":[{"href":"https:\/\/brownhealthcare.com\/fr\/wp-json\/wp\/v2\/media?parent=17478"}],"wp:term":[{"taxonomy":"pwb-brand","embeddable":true,"href":"https:\/\/brownhealthcare.com\/fr\/wp-json\/wp\/v2\/pwb-brand?post=17478"},{"taxonomy":"product_brand","embeddable":true,"href":"https:\/\/brownhealthcare.com\/fr\/wp-json\/wp\/v2\/product_brand?post=17478"},{"taxonomy":"product_cat","embeddable":true,"href":"https:\/\/brownhealthcare.com\/fr\/wp-json\/wp\/v2\/product_cat?post=17478"},{"taxonomy":"product_tag","embeddable":true,"href":"https:\/\/brownhealthcare.com\/fr\/wp-json\/wp\/v2\/product_tag?post=17478"}],"curies":[{"name":"wp","href":"https:\/\/api.w.org\/{rel}","templated":true}]}}