{"id":17471,"date":"2017-02-22T15:25:19","date_gmt":"2017-02-22T20:25:19","guid":{"rendered":"https:\/\/brownhealthcare.flywheelsites.com\/?product=easy-daysies-my-day"},"modified":"2018-02-28T11:33:43","modified_gmt":"2018-02-28T11:33:43","slug":"easy-daysies-my-day","status":"publish","type":"product","link":"https:\/\/brownhealthcare.com\/fr\/produit\/easy-daysies-my-day\/","title":{"rendered":"Easy Daysies My Day"},"content":{"rendered":"<p><span style=\"color:rgb(33, 33, 33); font-family:arial,sans-serif; font-size:16px\">Aide pour les adultes atteints de perte de m\u00e9moire, d\u00e9mence, maladie d&#8217;Alzheimer, besoins sp\u00e9ciaux, l\u00e9sion c\u00e9r\u00e9brale, etc. Enfin, un d\u00e9di\u00e9, facile \u00e0 suivre le syst\u00e8me de planification des t\u00e2ches pour aider les adultes \u00e0 vivre plus ind\u00e9pendamment. Ce nouveau produit r\u00e9pondra \u00e0 un besoin important de mani\u00e8re digne! Aide pour les adultes avec la perte de m\u00e9moire est ici!<\/span><\/p>\n<p>\u00a0<\/p>\n<p><span style=\"color:rgb(33, 33, 33); font-family:arial,sans-serif; font-size:16px\">Inclus dans Mon jour pour les adultes: <\/span><\/p>\n<p><span style=\"color:rgb(33, 33, 33); font-family:arial,sans-serif; font-size:16px\">Une carte magn\u00e9tique \u00e0 2 faces (anglais d&#8217;un c\u00f4t\u00e9, fran\u00e7ais de l&#8217;autre) <\/span><\/p>\n<p><span style=\"color:rgb(33, 33, 33); font-family:arial,sans-serif; font-size:16px\">20 aimants<\/span><span style=\"color:rgb(33, 33, 33); font-family:arial,sans-serif; font-size:16px\">\u00a0<\/span><\/p>\n<p><span style=\"color:rgb(33, 33, 33); font-family:arial,sans-serif; font-size:16px\">\u00a0 \u00a0 \u00a0\u2022 10 aimants imprim\u00e9s <\/span><\/p>\n<p><span style=\"color:rgb(33, 33, 33); font-family:arial,sans-serif; font-size:16px\">\u00a0 \u00a0 \u00a0\u2022 10 aimants vierges pour Personnalisation <\/span><\/p>\n<p><span style=\"color:rgb(33, 33, 33); font-family:arial,sans-serif; font-size:16px\">50 Autocollants permanents:<\/span><\/p>\n<p><span style=\"color:rgb(33, 33, 33); font-family:arial,sans-serif; font-size:16px\">\u2022 20 autocollants de t\u00e2ches en anglais <\/span><\/p>\n<p><span style=\"color:rgb(33, 33, 33); font-family:arial,sans-serif; font-size:16px\">\u2022 30 autocollants de t\u00e2ches en fran\u00e7ais <\/span><\/p>\n<p><span style=\"color:rgb(33, 33, 33); font-family:arial,sans-serif; font-size:16px\">Marqueur effa\u00e7able \u00e0 sec Pochette de rangement pour aimant<\/span><\/p>\n<p>\u00a0<\/p>\n<div>Les aimants incluent des t\u00e2ches quotidiennes telles que manger des repas, prendre des m\u00e9dicaments et des rendez-vous, nettoyer, nettoyer l&#8217;\u00e9cran, la lessive et v\u00e9rifier que le po\u00eale est \u00e9teint!<\/div>\n<div>Chaque aimant dispose d&#8217;un espace pour \u00e9crire en un temps \u00e0 l&#8217;aide du marqueur \u00e0 effacement sec fourni. Selon l&#8217;utilisateur, vous pouvez simplement effectuer des t\u00e2ches dans l&#8217;ordre ou \u00e0 une heure donn\u00e9e.<\/div>\n","protected":false},"excerpt":{"rendered":"<p>Aide pour les adultes atteints de perte de m\u00e9moire, d\u00e9mence,  [&#8230;]<\/p>\n","protected":false},"featured_media":17470,"template":"","meta":[],"pwb-brand":[],"product_brand":[],"product_cat":[134],"product_tag":[],"class_list":{"0":"post-17471","1":"product","2":"type-product","3":"status-publish","4":"has-post-thumbnail","6":"product_cat-aids-to-daily-living-fr","8":"first","9":"instock","10":"taxable","11":"shipping-taxable","12":"purchasable","13":"product-type-simple"},"brands":[],"_links":{"self":[{"href":"https:\/\/brownhealthcare.com\/fr\/wp-json\/wp\/v2\/product\/17471","targetHints":{"allow":["GET"]}}],"collection":[{"href":"https:\/\/brownhealthcare.com\/fr\/wp-json\/wp\/v2\/product"}],"about":[{"href":"https:\/\/brownhealthcare.com\/fr\/wp-json\/wp\/v2\/types\/product"}],"wp:featuredmedia":[{"embeddable":true,"href":"https:\/\/brownhealthcare.com\/fr\/wp-json\/wp\/v2\/media\/17470"}],"wp:attachment":[{"href":"https:\/\/brownhealthcare.com\/fr\/wp-json\/wp\/v2\/media?parent=17471"}],"wp:term":[{"taxonomy":"pwb-brand","embeddable":true,"href":"https:\/\/brownhealthcare.com\/fr\/wp-json\/wp\/v2\/pwb-brand?post=17471"},{"taxonomy":"product_brand","embeddable":true,"href":"https:\/\/brownhealthcare.com\/fr\/wp-json\/wp\/v2\/product_brand?post=17471"},{"taxonomy":"product_cat","embeddable":true,"href":"https:\/\/brownhealthcare.com\/fr\/wp-json\/wp\/v2\/product_cat?post=17471"},{"taxonomy":"product_tag","embeddable":true,"href":"https:\/\/brownhealthcare.com\/fr\/wp-json\/wp\/v2\/product_tag?post=17471"}],"curies":[{"name":"wp","href":"https:\/\/api.w.org\/{rel}","templated":true}]}}