{"id":17467,"date":"2017-02-02T11:49:12","date_gmt":"2017-02-02T16:49:12","guid":{"rendered":"https:\/\/brownhealthcare.flywheelsites.com\/?product=ensemble-cadeau-dustensiles-avec-manche-leste"},"modified":"2021-12-28T16:46:25","modified_gmt":"2021-12-28T16:46:25","slug":"ensemble-cadeau-dustensiles-avec-manche-leste","status":"publish","type":"product","link":"https:\/\/brownhealthcare.com\/fr\/produit\/ensemble-cadeau-dustensiles-avec-manche-leste\/","title":{"rendered":"Ensemble cadeau d&#8217;ustensiles avec manche lest\u00e9"},"content":{"rendered":"<p><span style=\"font-family:arial,helvetica,sans-serif\">La coutellerie pond\u00e9r\u00e9e (comme on le voit ci-dessous) est de 225 grammes (8 oz) chacun et aidera \u00e0 r\u00e9duire les tremblements de mains. Ces ensembles font un excellent cadeau \u00e0 tout moment de l&#8217;ann\u00e9e. Parsons coutellerie offre une attention compl\u00e8te \u00e0 la fois de style et de confort. En soulageant les articulations, ces ustensiles g\u00e9n\u00e9reusement proportionn\u00e9s et bien \u00e9quilibr\u00e9s aident discr\u00e8tement les personnes ayant une force et un mouvement d\u00e9croissants dans les mains et les bras, ce qui permet une prise plus s\u00fbre et plus d\u00e9tendue. Ce confort am\u00e9lior\u00e9 est essentiel au maintien de la confiance en soi et de l&#8217;ind\u00e9pendance \u00e0 la table de d\u00eener. Parsons coutellerie est lave-vaisselle. Chaque ensemble comprend 1 couteau, 1 fourchette, 1 cuill\u00e8re \u00e0 soupe et 1 cuill\u00e8re \u00e0 caf\u00e9. (Droite seulement)<\/span><\/p>\n","protected":false},"excerpt":{"rendered":"<p>La coutellerie pond\u00e9r\u00e9e (comme on le voit ci-dessous) est de  [&#8230;]<\/p>\n","protected":false},"featured_media":17466,"template":"","meta":[],"pwb-brand":[],"product_brand":[],"product_cat":[134],"product_tag":[],"class_list":{"0":"post-17467","1":"product","2":"type-product","3":"status-publish","4":"has-post-thumbnail","6":"product_cat-aids-to-daily-living-fr","8":"first","9":"instock","10":"shipping-taxable","11":"purchasable","12":"product-type-simple"},"brands":[],"_links":{"self":[{"href":"https:\/\/brownhealthcare.com\/fr\/wp-json\/wp\/v2\/product\/17467","targetHints":{"allow":["GET"]}}],"collection":[{"href":"https:\/\/brownhealthcare.com\/fr\/wp-json\/wp\/v2\/product"}],"about":[{"href":"https:\/\/brownhealthcare.com\/fr\/wp-json\/wp\/v2\/types\/product"}],"wp:featuredmedia":[{"embeddable":true,"href":"https:\/\/brownhealthcare.com\/fr\/wp-json\/wp\/v2\/media\/17466"}],"wp:attachment":[{"href":"https:\/\/brownhealthcare.com\/fr\/wp-json\/wp\/v2\/media?parent=17467"}],"wp:term":[{"taxonomy":"pwb-brand","embeddable":true,"href":"https:\/\/brownhealthcare.com\/fr\/wp-json\/wp\/v2\/pwb-brand?post=17467"},{"taxonomy":"product_brand","embeddable":true,"href":"https:\/\/brownhealthcare.com\/fr\/wp-json\/wp\/v2\/product_brand?post=17467"},{"taxonomy":"product_cat","embeddable":true,"href":"https:\/\/brownhealthcare.com\/fr\/wp-json\/wp\/v2\/product_cat?post=17467"},{"taxonomy":"product_tag","embeddable":true,"href":"https:\/\/brownhealthcare.com\/fr\/wp-json\/wp\/v2\/product_tag?post=17467"}],"curies":[{"name":"wp","href":"https:\/\/api.w.org\/{rel}","templated":true}]}}