{"id":17463,"date":"2017-02-02T11:34:01","date_gmt":"2017-02-02T16:34:01","guid":{"rendered":"https:\/\/brownhealthcare.flywheelsites.com\/?product=ensemble-de-service-de-table-blanc-de-luxe"},"modified":"2021-12-28T16:24:59","modified_gmt":"2021-12-28T16:24:59","slug":"ensemble-de-service-de-table-blanc-de-luxe","status":"publish","type":"product","link":"https:\/\/brownhealthcare.com\/fr\/produit\/ensemble-de-service-de-table-blanc-de-luxe\/","title":{"rendered":"Ensemble de service de table blanc de luxe"},"content":{"rendered":"<p><span style=\"color:rgb(33, 33, 33); font-family:arial,sans-serif; font-size:16px\">Notre ensemble de vaisselle de luxe est con\u00e7u pour une ind\u00e9pendance compl\u00e8te des repas. Les couverts recourb\u00e9s Parsons avec poign\u00e9es de confort ont \u00e9t\u00e9 combin\u00e9s avec une assiette divis\u00e9e de 23 cm (9 po) et une tasse \u00e0 deux poign\u00e9es Parsons de 29 oz (29 oz) munie d&#8217;un couvercle \u00e0 embout buccal. Pour compl\u00e9ter cet ensemble, nous avons ajout\u00e9 un tapis antid\u00e9rapant de 20 x 14 po (51 x 36 cm). Tous les articles sont lave-vaisselle (rack haut). La tasse et la plaque sont micro-ondes. Une grande \u00e9pargne par rapport \u00e0 l&#8217;achat d&#8217;articles individuellement.<\/span><\/p>\n","protected":false},"excerpt":{"rendered":"<p>Notre ensemble de vaisselle de luxe est con\u00e7u pour une  [&#8230;]<\/p>\n","protected":false},"featured_media":17462,"template":"","meta":[],"pwb-brand":[],"product_brand":[],"product_cat":[134],"product_tag":[],"class_list":{"0":"post-17463","1":"product","2":"type-product","3":"status-publish","4":"has-post-thumbnail","6":"product_cat-aids-to-daily-living-fr","8":"first","9":"instock","10":"shipping-taxable","11":"purchasable","12":"product-type-simple"},"brands":[],"_links":{"self":[{"href":"https:\/\/brownhealthcare.com\/fr\/wp-json\/wp\/v2\/product\/17463","targetHints":{"allow":["GET"]}}],"collection":[{"href":"https:\/\/brownhealthcare.com\/fr\/wp-json\/wp\/v2\/product"}],"about":[{"href":"https:\/\/brownhealthcare.com\/fr\/wp-json\/wp\/v2\/types\/product"}],"wp:featuredmedia":[{"embeddable":true,"href":"https:\/\/brownhealthcare.com\/fr\/wp-json\/wp\/v2\/media\/17462"}],"wp:attachment":[{"href":"https:\/\/brownhealthcare.com\/fr\/wp-json\/wp\/v2\/media?parent=17463"}],"wp:term":[{"taxonomy":"pwb-brand","embeddable":true,"href":"https:\/\/brownhealthcare.com\/fr\/wp-json\/wp\/v2\/pwb-brand?post=17463"},{"taxonomy":"product_brand","embeddable":true,"href":"https:\/\/brownhealthcare.com\/fr\/wp-json\/wp\/v2\/product_brand?post=17463"},{"taxonomy":"product_cat","embeddable":true,"href":"https:\/\/brownhealthcare.com\/fr\/wp-json\/wp\/v2\/product_cat?post=17463"},{"taxonomy":"product_tag","embeddable":true,"href":"https:\/\/brownhealthcare.com\/fr\/wp-json\/wp\/v2\/product_tag?post=17463"}],"curies":[{"name":"wp","href":"https:\/\/api.w.org\/{rel}","templated":true}]}}