{"id":17455,"date":"2017-02-02T10:32:16","date_gmt":"2017-02-02T15:32:16","guid":{"rendered":"https:\/\/brownhealthcare.flywheelsites.com\/?product=plateau-repas-sur-coussin-de-billes"},"modified":"2021-12-28T16:09:48","modified_gmt":"2021-12-28T16:09:48","slug":"plateau-repas-sur-coussin-de-billes","status":"publish","type":"product","link":"https:\/\/brownhealthcare.com\/fr\/produit\/plateau-repas-sur-coussin-de-billes\/","title":{"rendered":"Plateau-repas sur coussin de billes"},"content":{"rendered":"<p><span style=\"color:rgb(33, 33, 33); font-family:arial,sans-serif; font-size:16px\">Ce plateau combine tout le confort de notre bac \u00e0 genouill\u00e8res et d&#8217;un bureau de recouvrement. Maintenant avec un plateau en plastique rouge de faible vision attach\u00e9. En cas de d\u00e9versement, le plateau d\u00e9croche simplement (crochet &#038; boucle) du sac \u00e0 f\u00e8ves pour un nettoyage facile. Dimensions du plateau rouge: 16 &#8220;x 12&#8221; (40,6 x 30,5 cm). Beanbag est disponible en diff\u00e9rentes couleurs \/ motifs.<\/span><\/p>\n<p>\u00a0<\/p>\n","protected":false},"excerpt":{"rendered":"<p>Ce plateau combine tout le confort de notre bac \u00e0  [&#8230;]<\/p>\n","protected":false},"featured_media":17454,"template":"","meta":[],"pwb-brand":[],"product_brand":[],"product_cat":[134],"product_tag":[],"class_list":{"0":"post-17455","1":"product","2":"type-product","3":"status-publish","4":"has-post-thumbnail","6":"product_cat-aids-to-daily-living-fr","8":"first","9":"instock","10":"taxable","11":"shipping-taxable","12":"purchasable","13":"product-type-simple"},"brands":[],"_links":{"self":[{"href":"https:\/\/brownhealthcare.com\/fr\/wp-json\/wp\/v2\/product\/17455","targetHints":{"allow":["GET"]}}],"collection":[{"href":"https:\/\/brownhealthcare.com\/fr\/wp-json\/wp\/v2\/product"}],"about":[{"href":"https:\/\/brownhealthcare.com\/fr\/wp-json\/wp\/v2\/types\/product"}],"wp:featuredmedia":[{"embeddable":true,"href":"https:\/\/brownhealthcare.com\/fr\/wp-json\/wp\/v2\/media\/17454"}],"wp:attachment":[{"href":"https:\/\/brownhealthcare.com\/fr\/wp-json\/wp\/v2\/media?parent=17455"}],"wp:term":[{"taxonomy":"pwb-brand","embeddable":true,"href":"https:\/\/brownhealthcare.com\/fr\/wp-json\/wp\/v2\/pwb-brand?post=17455"},{"taxonomy":"product_brand","embeddable":true,"href":"https:\/\/brownhealthcare.com\/fr\/wp-json\/wp\/v2\/product_brand?post=17455"},{"taxonomy":"product_cat","embeddable":true,"href":"https:\/\/brownhealthcare.com\/fr\/wp-json\/wp\/v2\/product_cat?post=17455"},{"taxonomy":"product_tag","embeddable":true,"href":"https:\/\/brownhealthcare.com\/fr\/wp-json\/wp\/v2\/product_tag?post=17455"}],"curies":[{"name":"wp","href":"https:\/\/api.w.org\/{rel}","templated":true}]}}