{"id":17427,"date":"2017-02-01T15:07:18","date_gmt":"2017-02-01T20:07:18","guid":{"rendered":"https:\/\/brownhealthcare.flywheelsites.com\/?product=porte-cartes-en-plastique"},"modified":"2021-12-28T16:37:44","modified_gmt":"2021-12-28T16:37:44","slug":"porte-cartes-en-plastique","status":"publish","type":"product","link":"https:\/\/brownhealthcare.com\/fr\/produit\/porte-cartes-en-plastique\/","title":{"rendered":"Porte-cartes en plastique"},"content":{"rendered":"<p><span style=\"font-family:arial,helvetica,sans-serif\">Le support en plastique transparent et fendu maintient les cartes \u00e0 un angle pour am\u00e9liorer la visibilit\u00e9 et offrir un affichage mains libres. Sera \u00e9galement tenir des recettes ou des m\u00e9mos. 10 &#8220;(25cm) de long. Cartes \u00e0 jouer non comprises.<\/span><\/p>\n","protected":false},"excerpt":{"rendered":"<p>Le support en plastique transparent et fendu maintient les cartes  [&#8230;]<\/p>\n","protected":false},"featured_media":17426,"template":"","meta":[],"pwb-brand":[],"product_brand":[],"product_cat":[134],"product_tag":[],"class_list":{"0":"post-17427","1":"product","2":"type-product","3":"status-publish","4":"has-post-thumbnail","6":"product_cat-aids-to-daily-living-fr","8":"first","9":"instock","10":"taxable","11":"shipping-taxable","12":"purchasable","13":"product-type-simple"},"brands":[],"_links":{"self":[{"href":"https:\/\/brownhealthcare.com\/fr\/wp-json\/wp\/v2\/product\/17427","targetHints":{"allow":["GET"]}}],"collection":[{"href":"https:\/\/brownhealthcare.com\/fr\/wp-json\/wp\/v2\/product"}],"about":[{"href":"https:\/\/brownhealthcare.com\/fr\/wp-json\/wp\/v2\/types\/product"}],"wp:featuredmedia":[{"embeddable":true,"href":"https:\/\/brownhealthcare.com\/fr\/wp-json\/wp\/v2\/media\/17426"}],"wp:attachment":[{"href":"https:\/\/brownhealthcare.com\/fr\/wp-json\/wp\/v2\/media?parent=17427"}],"wp:term":[{"taxonomy":"pwb-brand","embeddable":true,"href":"https:\/\/brownhealthcare.com\/fr\/wp-json\/wp\/v2\/pwb-brand?post=17427"},{"taxonomy":"product_brand","embeddable":true,"href":"https:\/\/brownhealthcare.com\/fr\/wp-json\/wp\/v2\/product_brand?post=17427"},{"taxonomy":"product_cat","embeddable":true,"href":"https:\/\/brownhealthcare.com\/fr\/wp-json\/wp\/v2\/product_cat?post=17427"},{"taxonomy":"product_tag","embeddable":true,"href":"https:\/\/brownhealthcare.com\/fr\/wp-json\/wp\/v2\/product_tag?post=17427"}],"curies":[{"name":"wp","href":"https:\/\/api.w.org\/{rel}","templated":true}]}}