{"id":17391,"date":"2017-02-01T13:52:20","date_gmt":"2017-02-01T18:52:20","guid":{"rendered":"https:\/\/brownhealthcare.flywheelsites.com\/?product=arrete-nourriture-en-plastique-blanc"},"modified":"2021-12-28T16:38:21","modified_gmt":"2021-12-28T16:38:21","slug":"arrete-nourriture-en-plastique-blanc","status":"publish","type":"product","link":"https:\/\/brownhealthcare.com\/fr\/produit\/arrete-nourriture-en-plastique-blanc\/","title":{"rendered":"Arr\u00eate-nourriture en plastique blanc"},"content":{"rendered":"<p><span style=\"color:rgb(33, 33, 33); font-family:arial,sans-serif; font-size:16px\">Les pare-chocs d&#8217;alimentation adaptent une plaque standard dans une plaque pour l&#8217;auto-alimentation semblable \u00e0 une plaque de l\u00e8vre int\u00e9rieure ou \u00e0 une plaque de scoop. Le mur vertical fournit une zone pour pousser la nourriture sur votre ustensile pour scooping et aide \u00e0 garder la nourriture sur la plaque. Pour plaques de 8 &#8220;- 11&#8221; (20-28cm). Ce pare-chocs hygi\u00e9nique est moul\u00e9 en une seule pi\u00e8ce. Micro-ondes. R\u00e9sidentiel et institutionnel pour le lave-vaisselle.<\/span><\/p>\n<p>\u00a0<\/p>\n<p>\u00a0<\/p>\n","protected":false},"excerpt":{"rendered":"<p>Les pare-chocs d&#8217;alimentation adaptent une plaque standard dans une plaque  [&#8230;]<\/p>\n","protected":false},"featured_media":17388,"template":"","meta":[],"pwb-brand":[],"product_brand":[],"product_cat":[134],"product_tag":[],"class_list":{"0":"post-17391","1":"product","2":"type-product","3":"status-publish","4":"has-post-thumbnail","6":"product_cat-aids-to-daily-living-fr","8":"first","9":"instock","10":"shipping-taxable","11":"purchasable","12":"product-type-simple"},"brands":[],"_links":{"self":[{"href":"https:\/\/brownhealthcare.com\/fr\/wp-json\/wp\/v2\/product\/17391","targetHints":{"allow":["GET"]}}],"collection":[{"href":"https:\/\/brownhealthcare.com\/fr\/wp-json\/wp\/v2\/product"}],"about":[{"href":"https:\/\/brownhealthcare.com\/fr\/wp-json\/wp\/v2\/types\/product"}],"wp:featuredmedia":[{"embeddable":true,"href":"https:\/\/brownhealthcare.com\/fr\/wp-json\/wp\/v2\/media\/17388"}],"wp:attachment":[{"href":"https:\/\/brownhealthcare.com\/fr\/wp-json\/wp\/v2\/media?parent=17391"}],"wp:term":[{"taxonomy":"pwb-brand","embeddable":true,"href":"https:\/\/brownhealthcare.com\/fr\/wp-json\/wp\/v2\/pwb-brand?post=17391"},{"taxonomy":"product_brand","embeddable":true,"href":"https:\/\/brownhealthcare.com\/fr\/wp-json\/wp\/v2\/product_brand?post=17391"},{"taxonomy":"product_cat","embeddable":true,"href":"https:\/\/brownhealthcare.com\/fr\/wp-json\/wp\/v2\/product_cat?post=17391"},{"taxonomy":"product_tag","embeddable":true,"href":"https:\/\/brownhealthcare.com\/fr\/wp-json\/wp\/v2\/product_tag?post=17391"}],"curies":[{"name":"wp","href":"https:\/\/api.w.org\/{rel}","templated":true}]}}