{"id":17381,"date":"2017-02-01T13:46:45","date_gmt":"2017-02-01T18:46:45","guid":{"rendered":"https:\/\/brownhealthcare.flywheelsites.com\/?product=assiette-a-rebord-bleu"},"modified":"2021-12-28T16:42:15","modified_gmt":"2021-12-28T16:42:15","slug":"assiette-a-rebord-bleu","status":"publish","type":"product","link":"https:\/\/brownhealthcare.com\/fr\/produit\/assiette-a-rebord-bleu\/","title":{"rendered":"Assiette \u00e0 rebord &#8211; Bleu"},"content":{"rendered":"<p><span style=\"color:rgb(33, 33, 33); font-family:arial,sans-serif; font-size:16px\">Cette plaque de 9 &#8220;(23cm) favorise l&#8217;ind\u00e9pendance \u00e0 l&#8217;heure du repas, en particulier pour les malvoyants.Il permet \u00e0 l&#8217;utilisateur de pousser les aliments contre le haut mur du dos de la plaque et sur leur coutellerie.Le c\u00f4t\u00e9 entr\u00e9e est faible pour la facilit\u00e9 d&#8217;utilisation. La plaque est munie d&#8217;une base antid\u00e9rapante, d&#8217;un plastique anti-d\u00e9chirant, d&#8217;un porte-vaisselle micro-ondes et d&#8217;un lave-vaisselle, \u00e9galement disponible en blanc et rouge.<\/span><\/p>\n<p>\u00a0<\/p>\n<p>\u00a0<\/p>\n","protected":false},"excerpt":{"rendered":"<p>Cette plaque de 9 &#8220;(23cm) favorise l&#8217;ind\u00e9pendance \u00e0 l&#8217;heure du  [&#8230;]<\/p>\n","protected":false},"featured_media":17380,"template":"","meta":[],"pwb-brand":[],"product_brand":[],"product_cat":[134],"product_tag":[],"class_list":{"0":"post-17381","1":"product","2":"type-product","3":"status-publish","4":"has-post-thumbnail","6":"product_cat-aids-to-daily-living-fr","8":"first","9":"instock","10":"shipping-taxable","11":"purchasable","12":"product-type-simple"},"brands":[],"_links":{"self":[{"href":"https:\/\/brownhealthcare.com\/fr\/wp-json\/wp\/v2\/product\/17381","targetHints":{"allow":["GET"]}}],"collection":[{"href":"https:\/\/brownhealthcare.com\/fr\/wp-json\/wp\/v2\/product"}],"about":[{"href":"https:\/\/brownhealthcare.com\/fr\/wp-json\/wp\/v2\/types\/product"}],"wp:featuredmedia":[{"embeddable":true,"href":"https:\/\/brownhealthcare.com\/fr\/wp-json\/wp\/v2\/media\/17380"}],"wp:attachment":[{"href":"https:\/\/brownhealthcare.com\/fr\/wp-json\/wp\/v2\/media?parent=17381"}],"wp:term":[{"taxonomy":"pwb-brand","embeddable":true,"href":"https:\/\/brownhealthcare.com\/fr\/wp-json\/wp\/v2\/pwb-brand?post=17381"},{"taxonomy":"product_brand","embeddable":true,"href":"https:\/\/brownhealthcare.com\/fr\/wp-json\/wp\/v2\/product_brand?post=17381"},{"taxonomy":"product_cat","embeddable":true,"href":"https:\/\/brownhealthcare.com\/fr\/wp-json\/wp\/v2\/product_cat?post=17381"},{"taxonomy":"product_tag","embeddable":true,"href":"https:\/\/brownhealthcare.com\/fr\/wp-json\/wp\/v2\/product_tag?post=17381"}],"curies":[{"name":"wp","href":"https:\/\/api.w.org\/{rel}","templated":true}]}}