{"id":17377,"date":"2017-02-01T13:43:59","date_gmt":"2017-02-01T18:43:59","guid":{"rendered":"https:\/\/brownhealthcare.flywheelsites.com\/?product=assiette-a-rebord-blanc"},"modified":"2021-12-28T16:43:03","modified_gmt":"2021-12-28T16:43:03","slug":"assiette-a-rebord-blanc","status":"publish","type":"product","link":"https:\/\/brownhealthcare.com\/fr\/produit\/assiette-a-rebord-blanc\/","title":{"rendered":"Assiette \u00e0 rebord &#8211; Blanc"},"content":{"rendered":"<p><span style=\"color:rgb(33, 33, 33); font-family:arial,sans-serif; font-size:16px\">Cette plaque de 9 &#8220;(23cm) favorise l&#8217;ind\u00e9pendance \u00e0 l&#8217;heure des repas.Il permet \u00e0 l&#8217;utilisateur de pousser les aliments contre le mur arri\u00e8re haut de la plaque et sur leur coutellerie.Le c\u00f4t\u00e9 entr\u00e9e est faible pour la facilit\u00e9 d&#8217;utilisation.Le bord ext\u00e9rieur large est utile pour saisir La plaque tout en absorbant les aliments sur les couverts.La plaque a une base antid\u00e9rapante.Plastique coupe-feu.Le micro-ondes et rack haut-lave-vaisselle.Tr\u00e8s disponible en bleu et rouge.<\/span><\/p>\n<p>\u00a0<\/p>\n<p>\u00a0<\/p>\n","protected":false},"excerpt":{"rendered":"<p>Cette plaque de 9 &#8220;(23cm) favorise l&#8217;ind\u00e9pendance \u00e0 l&#8217;heure des  [&#8230;]<\/p>\n","protected":false},"featured_media":17376,"template":"","meta":[],"pwb-brand":[],"product_brand":[],"product_cat":[134],"product_tag":[],"class_list":{"0":"post-17377","1":"product","2":"type-product","3":"status-publish","4":"has-post-thumbnail","6":"product_cat-aids-to-daily-living-fr","8":"first","9":"instock","10":"taxable","11":"shipping-taxable","12":"purchasable","13":"product-type-simple"},"brands":[],"_links":{"self":[{"href":"https:\/\/brownhealthcare.com\/fr\/wp-json\/wp\/v2\/product\/17377","targetHints":{"allow":["GET"]}}],"collection":[{"href":"https:\/\/brownhealthcare.com\/fr\/wp-json\/wp\/v2\/product"}],"about":[{"href":"https:\/\/brownhealthcare.com\/fr\/wp-json\/wp\/v2\/types\/product"}],"wp:featuredmedia":[{"embeddable":true,"href":"https:\/\/brownhealthcare.com\/fr\/wp-json\/wp\/v2\/media\/17376"}],"wp:attachment":[{"href":"https:\/\/brownhealthcare.com\/fr\/wp-json\/wp\/v2\/media?parent=17377"}],"wp:term":[{"taxonomy":"pwb-brand","embeddable":true,"href":"https:\/\/brownhealthcare.com\/fr\/wp-json\/wp\/v2\/pwb-brand?post=17377"},{"taxonomy":"product_brand","embeddable":true,"href":"https:\/\/brownhealthcare.com\/fr\/wp-json\/wp\/v2\/product_brand?post=17377"},{"taxonomy":"product_cat","embeddable":true,"href":"https:\/\/brownhealthcare.com\/fr\/wp-json\/wp\/v2\/product_cat?post=17377"},{"taxonomy":"product_tag","embeddable":true,"href":"https:\/\/brownhealthcare.com\/fr\/wp-json\/wp\/v2\/product_tag?post=17377"}],"curies":[{"name":"wp","href":"https:\/\/api.w.org\/{rel}","templated":true}]}}