{"id":17369,"date":"2017-02-01T13:34:42","date_gmt":"2017-02-01T18:34:42","guid":{"rendered":"https:\/\/brownhealthcare.flywheelsites.com\/?product=verre-decoupe-pour-le-nez-8-oz-237-ml"},"modified":"2021-12-28T16:35:33","modified_gmt":"2021-12-28T16:35:33","slug":"verre-decoupe-pour-le-nez-8-oz-237-ml","status":"publish","type":"product","link":"https:\/\/brownhealthcare.com\/fr\/produit\/verre-decoupe-pour-le-nez-8-oz-237-ml\/","title":{"rendered":"Verre d\u00e9coup\u00e9 pour le nez &#8211; 8 oz (237 ml)"},"content":{"rendered":"<p><span style=\"color:rgb(33, 33, 33); font-family:arial,sans-serif; font-size:16px\">Les jantes de Nosy Cups ont \u00e9t\u00e9 con\u00e7ues de fa\u00e7on \u00e0 pouvoir boire sans renverser la t\u00eate pour vidanger le verre. Il peut \u00eatre inclin\u00e9 au-del\u00e0 du point o\u00f9 une coupe normale serait frapp\u00e9 le pont de votre nez. Con\u00e7u pour les personnes ayant un mouvement du cou limit\u00e9, un patient au lit, ou dans un fauteuil roulant avec un appui-t\u00eate.<\/span><\/p>\n<p>\u00a0<\/p>\n","protected":false},"excerpt":{"rendered":"<p>Les jantes de Nosy Cups ont \u00e9t\u00e9 con\u00e7ues de fa\u00e7on  [&#8230;]<\/p>\n","protected":false},"featured_media":17366,"template":"","meta":[],"pwb-brand":[],"product_brand":[],"product_cat":[134],"product_tag":[],"class_list":{"0":"post-17369","1":"product","2":"type-product","3":"status-publish","4":"has-post-thumbnail","6":"product_cat-aids-to-daily-living-fr","8":"first","9":"instock","10":"shipping-taxable","11":"purchasable","12":"product-type-simple"},"brands":[],"_links":{"self":[{"href":"https:\/\/brownhealthcare.com\/fr\/wp-json\/wp\/v2\/product\/17369","targetHints":{"allow":["GET"]}}],"collection":[{"href":"https:\/\/brownhealthcare.com\/fr\/wp-json\/wp\/v2\/product"}],"about":[{"href":"https:\/\/brownhealthcare.com\/fr\/wp-json\/wp\/v2\/types\/product"}],"wp:featuredmedia":[{"embeddable":true,"href":"https:\/\/brownhealthcare.com\/fr\/wp-json\/wp\/v2\/media\/17366"}],"wp:attachment":[{"href":"https:\/\/brownhealthcare.com\/fr\/wp-json\/wp\/v2\/media?parent=17369"}],"wp:term":[{"taxonomy":"pwb-brand","embeddable":true,"href":"https:\/\/brownhealthcare.com\/fr\/wp-json\/wp\/v2\/pwb-brand?post=17369"},{"taxonomy":"product_brand","embeddable":true,"href":"https:\/\/brownhealthcare.com\/fr\/wp-json\/wp\/v2\/product_brand?post=17369"},{"taxonomy":"product_cat","embeddable":true,"href":"https:\/\/brownhealthcare.com\/fr\/wp-json\/wp\/v2\/product_cat?post=17369"},{"taxonomy":"product_tag","embeddable":true,"href":"https:\/\/brownhealthcare.com\/fr\/wp-json\/wp\/v2\/product_tag?post=17369"}],"curies":[{"name":"wp","href":"https:\/\/api.w.org\/{rel}","templated":true}]}}