{"id":17335,"date":"2017-02-01T13:12:56","date_gmt":"2017-02-01T18:12:56","guid":{"rendered":"https:\/\/brownhealthcare.flywheelsites.com\/?product=gobelet-de-convalescence-anti-renversement"},"modified":"2021-12-28T16:22:55","modified_gmt":"2021-12-28T16:22:55","slug":"gobelet-de-convalescence-anti-renversement","status":"publish","type":"product","link":"https:\/\/brownhealthcare.com\/fr\/produit\/gobelet-de-convalescence-anti-renversement\/","title":{"rendered":"Gobelet de convalescence anti-renversement"},"content":{"rendered":"<p><span style=\"color:rgb(33, 33, 33); font-family:arial,sans-serif; font-size:16px\">La tasse de convalescence a un couvercle avec une embouchure, qui a un trou assez grand pour accueillir une paille. En face de la bouche il ya un petit trou d&#8217;entr\u00e9e d&#8217;air dans le couvercle. En mettant un doigt sur le trou d&#8217;air, vous pouvez r\u00e9gler le d\u00e9bit du liquide. 8 oz. (237 ml) de capacit\u00e9. Id\u00e9al pour boire au lit.<\/span><\/p>\n<p>\u00a0<\/p>\n<p>\u00a0<\/p>\n","protected":false},"excerpt":{"rendered":"<p>La tasse de convalescence a un couvercle avec une embouchure,  [&#8230;]<\/p>\n","protected":false},"featured_media":17334,"template":"","meta":[],"pwb-brand":[],"product_brand":[],"product_cat":[134],"product_tag":[],"class_list":{"0":"post-17335","1":"product","2":"type-product","3":"status-publish","4":"has-post-thumbnail","6":"product_cat-aids-to-daily-living-fr","8":"first","9":"instock","10":"taxable","11":"shipping-taxable","12":"purchasable","13":"product-type-simple"},"brands":[],"_links":{"self":[{"href":"https:\/\/brownhealthcare.com\/fr\/wp-json\/wp\/v2\/product\/17335","targetHints":{"allow":["GET"]}}],"collection":[{"href":"https:\/\/brownhealthcare.com\/fr\/wp-json\/wp\/v2\/product"}],"about":[{"href":"https:\/\/brownhealthcare.com\/fr\/wp-json\/wp\/v2\/types\/product"}],"wp:featuredmedia":[{"embeddable":true,"href":"https:\/\/brownhealthcare.com\/fr\/wp-json\/wp\/v2\/media\/17334"}],"wp:attachment":[{"href":"https:\/\/brownhealthcare.com\/fr\/wp-json\/wp\/v2\/media?parent=17335"}],"wp:term":[{"taxonomy":"pwb-brand","embeddable":true,"href":"https:\/\/brownhealthcare.com\/fr\/wp-json\/wp\/v2\/pwb-brand?post=17335"},{"taxonomy":"product_brand","embeddable":true,"href":"https:\/\/brownhealthcare.com\/fr\/wp-json\/wp\/v2\/product_brand?post=17335"},{"taxonomy":"product_cat","embeddable":true,"href":"https:\/\/brownhealthcare.com\/fr\/wp-json\/wp\/v2\/product_cat?post=17335"},{"taxonomy":"product_tag","embeddable":true,"href":"https:\/\/brownhealthcare.com\/fr\/wp-json\/wp\/v2\/product_tag?post=17335"}],"curies":[{"name":"wp","href":"https:\/\/api.w.org\/{rel}","templated":true}]}}