{"id":17325,"date":"2017-02-01T12:53:43","date_gmt":"2017-02-01T17:53:43","guid":{"rendered":"https:\/\/brownhealthcare.flywheelsites.com\/?product=base-anti-renversement-pour-tasse-de-convalescence"},"modified":"2021-12-28T16:08:38","modified_gmt":"2021-12-28T16:08:38","slug":"base-anti-renversement-pour-tasse-de-convalescence","status":"publish","type":"product","link":"https:\/\/brownhealthcare.com\/fr\/produit\/base-anti-renversement-pour-tasse-de-convalescence\/","title":{"rendered":"Base anti-renversement pour tasse de convalescence"},"content":{"rendered":"<p><span style=\"color:rgb(33, 33, 33); font-family:arial,sans-serif; font-size:16px\">Cette base est un ajustement par frottement sur la tasse de convalescence. Il aide \u00e0 pr\u00e9venir les patients au lit de d\u00e9verser le contenu de la tasse si ils le cogner avec leur main comme ils l&#8217;atteignent. Dispose d&#8217;une base antid\u00e9rapante pour une plus grande stabilit\u00e9.<\/span><\/p>\n<p>\u00a0<\/p>\n<p>\u00a0<\/p>\n","protected":false},"excerpt":{"rendered":"<p>Cette base est un ajustement par frottement sur la tasse  [&#8230;]<\/p>\n","protected":false},"featured_media":17324,"template":"","meta":[],"pwb-brand":[],"product_brand":[],"product_cat":[134],"product_tag":[],"class_list":{"0":"post-17325","1":"product","2":"type-product","3":"status-publish","4":"has-post-thumbnail","6":"product_cat-aids-to-daily-living-fr","8":"first","9":"instock","10":"taxable","11":"shipping-taxable","12":"purchasable","13":"product-type-simple"},"brands":[],"_links":{"self":[{"href":"https:\/\/brownhealthcare.com\/fr\/wp-json\/wp\/v2\/product\/17325","targetHints":{"allow":["GET"]}}],"collection":[{"href":"https:\/\/brownhealthcare.com\/fr\/wp-json\/wp\/v2\/product"}],"about":[{"href":"https:\/\/brownhealthcare.com\/fr\/wp-json\/wp\/v2\/types\/product"}],"wp:featuredmedia":[{"embeddable":true,"href":"https:\/\/brownhealthcare.com\/fr\/wp-json\/wp\/v2\/media\/17324"}],"wp:attachment":[{"href":"https:\/\/brownhealthcare.com\/fr\/wp-json\/wp\/v2\/media?parent=17325"}],"wp:term":[{"taxonomy":"pwb-brand","embeddable":true,"href":"https:\/\/brownhealthcare.com\/fr\/wp-json\/wp\/v2\/pwb-brand?post=17325"},{"taxonomy":"product_brand","embeddable":true,"href":"https:\/\/brownhealthcare.com\/fr\/wp-json\/wp\/v2\/product_brand?post=17325"},{"taxonomy":"product_cat","embeddable":true,"href":"https:\/\/brownhealthcare.com\/fr\/wp-json\/wp\/v2\/product_cat?post=17325"},{"taxonomy":"product_tag","embeddable":true,"href":"https:\/\/brownhealthcare.com\/fr\/wp-json\/wp\/v2\/product_tag?post=17325"}],"curies":[{"name":"wp","href":"https:\/\/api.w.org\/{rel}","templated":true}]}}