{"id":17305,"date":"2017-02-01T12:01:40","date_gmt":"2017-02-01T17:01:40","guid":{"rendered":"https:\/\/brownhealthcare.flywheelsites.com\/?product=coussin-de-transfert-pivotant"},"modified":"2021-12-28T16:36:15","modified_gmt":"2021-12-28T16:36:15","slug":"coussin-de-transfert-pivotant","status":"publish","type":"product","link":"https:\/\/brownhealthcare.com\/fr\/produit\/coussin-de-transfert-pivotant\/","title":{"rendered":"Coussin de transfert pivotant"},"content":{"rendered":"<p><span style=\"font-family:arial,helvetica,sans-serif\">Si le mal de dos fait tourner dans un si\u00e8ge d&#8217;auto ou chaise une \u00e9preuve torturous, l&#8217;aide est ici. Ce coussin de transfert prend la pression et la pression sur votre dos et les hanches en tournant. Il a un doux 1 en (2 cm) mousse rembourr\u00e9 si\u00e8ge qui supporte jusqu&#8217;\u00e0 300 lbs. (136 kg). Il tourne \u00e0 360 degr\u00e9s, est l\u00e9ger et est livr\u00e9 avec une sangle de transport.<\/span><\/p>\n","protected":false},"excerpt":{"rendered":"<p>Si le mal de dos fait tourner dans un si\u00e8ge  [&#8230;]<\/p>\n","protected":false},"featured_media":19002,"template":"","meta":[],"pwb-brand":[],"product_brand":[],"product_cat":[134],"product_tag":[],"class_list":{"0":"post-17305","1":"product","2":"type-product","3":"status-publish","4":"has-post-thumbnail","6":"product_cat-aids-to-daily-living-fr","8":"first","9":"instock","10":"shipping-taxable","11":"purchasable","12":"product-type-simple"},"brands":[],"_links":{"self":[{"href":"https:\/\/brownhealthcare.com\/fr\/wp-json\/wp\/v2\/product\/17305","targetHints":{"allow":["GET"]}}],"collection":[{"href":"https:\/\/brownhealthcare.com\/fr\/wp-json\/wp\/v2\/product"}],"about":[{"href":"https:\/\/brownhealthcare.com\/fr\/wp-json\/wp\/v2\/types\/product"}],"wp:featuredmedia":[{"embeddable":true,"href":"https:\/\/brownhealthcare.com\/fr\/wp-json\/wp\/v2\/media\/19002"}],"wp:attachment":[{"href":"https:\/\/brownhealthcare.com\/fr\/wp-json\/wp\/v2\/media?parent=17305"}],"wp:term":[{"taxonomy":"pwb-brand","embeddable":true,"href":"https:\/\/brownhealthcare.com\/fr\/wp-json\/wp\/v2\/pwb-brand?post=17305"},{"taxonomy":"product_brand","embeddable":true,"href":"https:\/\/brownhealthcare.com\/fr\/wp-json\/wp\/v2\/product_brand?post=17305"},{"taxonomy":"product_cat","embeddable":true,"href":"https:\/\/brownhealthcare.com\/fr\/wp-json\/wp\/v2\/product_cat?post=17305"},{"taxonomy":"product_tag","embeddable":true,"href":"https:\/\/brownhealthcare.com\/fr\/wp-json\/wp\/v2\/product_tag?post=17305"}],"curies":[{"name":"wp","href":"https:\/\/api.w.org\/{rel}","templated":true}]}}