{"id":17281,"date":"2017-01-31T15:57:05","date_gmt":"2017-01-31T20:57:05","guid":{"rendered":"https:\/\/brownhealthcare.flywheelsites.com\/?product=aide-pour-taper-a-la-machine"},"modified":"2021-12-28T16:44:56","modified_gmt":"2021-12-28T16:44:56","slug":"aide-pour-taper-a-la-machine","status":"publish","type":"product","link":"https:\/\/brownhealthcare.com\/fr\/produit\/aide-pour-taper-a-la-machine\/","title":{"rendered":"Aide pour taper \u00e0 la machine"},"content":{"rendered":"<p><span style=\"color:rgb(33, 33, 33); font-family:arial,sans-serif; font-size:16px\">Notre clip de main attach\u00e9 \u00e0 un abaisse-cl\u00e9 en plastique souple. Utile pour les claviers, calculatrices, t\u00e9l\u00e9phones, etc clip peut \u00eatre rebent \u00e0 la main.<\/span><\/p>\n<p>\u00a0<\/p>\n<p>\u00a0<\/p>\n","protected":false},"excerpt":{"rendered":"<p>Notre clip de main attach\u00e9 \u00e0 un abaisse-cl\u00e9 en plastique  [&#8230;]<\/p>\n","protected":false},"featured_media":17280,"template":"","meta":[],"pwb-brand":[],"product_brand":[],"product_cat":[134],"product_tag":[],"class_list":{"0":"post-17281","1":"product","2":"type-product","3":"status-publish","4":"has-post-thumbnail","6":"product_cat-aids-to-daily-living-fr","8":"first","9":"instock","10":"shipping-taxable","11":"purchasable","12":"product-type-simple"},"brands":[],"_links":{"self":[{"href":"https:\/\/brownhealthcare.com\/fr\/wp-json\/wp\/v2\/product\/17281","targetHints":{"allow":["GET"]}}],"collection":[{"href":"https:\/\/brownhealthcare.com\/fr\/wp-json\/wp\/v2\/product"}],"about":[{"href":"https:\/\/brownhealthcare.com\/fr\/wp-json\/wp\/v2\/types\/product"}],"wp:featuredmedia":[{"embeddable":true,"href":"https:\/\/brownhealthcare.com\/fr\/wp-json\/wp\/v2\/media\/17280"}],"wp:attachment":[{"href":"https:\/\/brownhealthcare.com\/fr\/wp-json\/wp\/v2\/media?parent=17281"}],"wp:term":[{"taxonomy":"pwb-brand","embeddable":true,"href":"https:\/\/brownhealthcare.com\/fr\/wp-json\/wp\/v2\/pwb-brand?post=17281"},{"taxonomy":"product_brand","embeddable":true,"href":"https:\/\/brownhealthcare.com\/fr\/wp-json\/wp\/v2\/product_brand?post=17281"},{"taxonomy":"product_cat","embeddable":true,"href":"https:\/\/brownhealthcare.com\/fr\/wp-json\/wp\/v2\/product_cat?post=17281"},{"taxonomy":"product_tag","embeddable":true,"href":"https:\/\/brownhealthcare.com\/fr\/wp-json\/wp\/v2\/product_tag?post=17281"}],"curies":[{"name":"wp","href":"https:\/\/api.w.org\/{rel}","templated":true}]}}