{"id":17273,"date":"2017-01-31T15:45:56","date_gmt":"2017-01-31T20:45:56","guid":{"rendered":"https:\/\/brownhealthcare.flywheelsites.com\/?product=tourne-page"},"modified":"2021-12-28T16:36:48","modified_gmt":"2021-12-28T16:36:48","slug":"tourne-page","status":"publish","type":"product","link":"https:\/\/brownhealthcare.com\/fr\/produit\/tourne-page\/","title":{"rendered":"Tourne-page"},"content":{"rendered":"<p><span style=\"color:rgb(33, 33, 33); font-family:arial,sans-serif; font-size:16px\">Notre clip \u00e0 main avec une longue barre en aluminium l\u00e9ger courb\u00e9 inclin\u00e9 avec une extr\u00e9mit\u00e9 en caoutchouc pour feuilleter facilement les pages, m\u00eame le papier couch\u00e9 lourd.<\/span><\/p>\n<p>\u00a0<\/p>\n<p>\u00a0<\/p>\n","protected":false},"excerpt":{"rendered":"<p>Notre clip \u00e0 main avec une longue barre en aluminium  [&#8230;]<\/p>\n","protected":false},"featured_media":17272,"template":"","meta":[],"pwb-brand":[],"product_brand":[],"product_cat":[134],"product_tag":[],"class_list":{"0":"post-17273","1":"product","2":"type-product","3":"status-publish","4":"has-post-thumbnail","6":"product_cat-aids-to-daily-living-fr","8":"first","9":"instock","10":"taxable","11":"shipping-taxable","12":"purchasable","13":"product-type-simple"},"brands":[],"_links":{"self":[{"href":"https:\/\/brownhealthcare.com\/fr\/wp-json\/wp\/v2\/product\/17273","targetHints":{"allow":["GET"]}}],"collection":[{"href":"https:\/\/brownhealthcare.com\/fr\/wp-json\/wp\/v2\/product"}],"about":[{"href":"https:\/\/brownhealthcare.com\/fr\/wp-json\/wp\/v2\/types\/product"}],"wp:featuredmedia":[{"embeddable":true,"href":"https:\/\/brownhealthcare.com\/fr\/wp-json\/wp\/v2\/media\/17272"}],"wp:attachment":[{"href":"https:\/\/brownhealthcare.com\/fr\/wp-json\/wp\/v2\/media?parent=17273"}],"wp:term":[{"taxonomy":"pwb-brand","embeddable":true,"href":"https:\/\/brownhealthcare.com\/fr\/wp-json\/wp\/v2\/pwb-brand?post=17273"},{"taxonomy":"product_brand","embeddable":true,"href":"https:\/\/brownhealthcare.com\/fr\/wp-json\/wp\/v2\/product_brand?post=17273"},{"taxonomy":"product_cat","embeddable":true,"href":"https:\/\/brownhealthcare.com\/fr\/wp-json\/wp\/v2\/product_cat?post=17273"},{"taxonomy":"product_tag","embeddable":true,"href":"https:\/\/brownhealthcare.com\/fr\/wp-json\/wp\/v2\/product_tag?post=17273"}],"curies":[{"name":"wp","href":"https:\/\/api.w.org\/{rel}","templated":true}]}}