{"id":17269,"date":"2017-01-31T15:43:05","date_gmt":"2017-01-31T20:43:05","guid":{"rendered":"https:\/\/brownhealthcare.flywheelsites.com\/?product=tourne-cle-avec-grande-poignee"},"modified":"2021-12-28T16:33:57","modified_gmt":"2021-12-28T16:33:57","slug":"tourne-cle-avec-grande-poignee","status":"publish","type":"product","link":"https:\/\/brownhealthcare.com\/fr\/produit\/tourne-cle-avec-grande-poignee\/","title":{"rendered":"Tourne-cl\u00e9 avec grande poign\u00e9e"},"content":{"rendered":"<p><span style=\"font-family:arial,helvetica,sans-serif\">Les personnes ayant une dext\u00e9rit\u00e9 manuelle limit\u00e9e ou l&#8217;arthrite peuvent manipuler les touches avec facilit\u00e9. Cette poign\u00e9e de 5 po permet aux utilisateurs de saisir le support avec leur main enti\u00e8re et fournit un effet de levier suppl\u00e9mentaire pour les cl\u00e9s tournantes. Peut contenir jusqu&#8217;\u00e0 3 cl\u00e9s. Peut contenir des cl\u00e9s avec un trou de 3\/16 &#8220;(4,5 mm) de diam\u00e8tre ou plus.<\/span><\/p>\n","protected":false},"excerpt":{"rendered":"<p>Les personnes ayant une dext\u00e9rit\u00e9 manuelle limit\u00e9e ou l&#8217;arthrite peuvent  [&#8230;]<\/p>\n","protected":false},"featured_media":17268,"template":"","meta":[],"pwb-brand":[],"product_brand":[],"product_cat":[134],"product_tag":[],"class_list":{"0":"post-17269","1":"product","2":"type-product","3":"status-publish","4":"has-post-thumbnail","6":"product_cat-aids-to-daily-living-fr","8":"first","9":"instock","10":"taxable","11":"shipping-taxable","12":"purchasable","13":"product-type-simple"},"brands":[],"_links":{"self":[{"href":"https:\/\/brownhealthcare.com\/fr\/wp-json\/wp\/v2\/product\/17269","targetHints":{"allow":["GET"]}}],"collection":[{"href":"https:\/\/brownhealthcare.com\/fr\/wp-json\/wp\/v2\/product"}],"about":[{"href":"https:\/\/brownhealthcare.com\/fr\/wp-json\/wp\/v2\/types\/product"}],"wp:featuredmedia":[{"embeddable":true,"href":"https:\/\/brownhealthcare.com\/fr\/wp-json\/wp\/v2\/media\/17268"}],"wp:attachment":[{"href":"https:\/\/brownhealthcare.com\/fr\/wp-json\/wp\/v2\/media?parent=17269"}],"wp:term":[{"taxonomy":"pwb-brand","embeddable":true,"href":"https:\/\/brownhealthcare.com\/fr\/wp-json\/wp\/v2\/pwb-brand?post=17269"},{"taxonomy":"product_brand","embeddable":true,"href":"https:\/\/brownhealthcare.com\/fr\/wp-json\/wp\/v2\/product_brand?post=17269"},{"taxonomy":"product_cat","embeddable":true,"href":"https:\/\/brownhealthcare.com\/fr\/wp-json\/wp\/v2\/product_cat?post=17269"},{"taxonomy":"product_tag","embeddable":true,"href":"https:\/\/brownhealthcare.com\/fr\/wp-json\/wp\/v2\/product_tag?post=17269"}],"curies":[{"name":"wp","href":"https:\/\/api.w.org\/{rel}","templated":true}]}}