{"id":17265,"date":"2017-01-31T15:39:13","date_gmt":"2017-01-31T20:39:13","guid":{"rendered":"https:\/\/brownhealthcare.flywheelsites.com\/?product=tourneurporteur-de-cles-avec-prise-pour-deux-doigts"},"modified":"2021-12-28T16:30:15","modified_gmt":"2021-12-28T16:30:15","slug":"tourneurporteur-de-cles-avec-prise-pour-deux-doigts","status":"publish","type":"product","link":"https:\/\/brownhealthcare.com\/fr\/produit\/tourneurporteur-de-cles-avec-prise-pour-deux-doigts\/","title":{"rendered":"Tourneur\/porteur de cl\u00e9s avec prise pour deux doigts"},"content":{"rendered":"<p><span style=\"font-family:arial,helvetica,sans-serif\">Ce kit offre de grandes boucles en plastique et les vis n\u00e9cessaires pour assembler les poign\u00e9es sur deux cl\u00e9s. Convient aux personnes avec une dext\u00e9rit\u00e9 manuelle limit\u00e9e ou la force des doigts. 2 paires par pkg. Maintenant extensible \u00e0 3\/8 &#8220;pour accommoder la plupart des touches automatiques!<\/span><\/p>\n","protected":false},"excerpt":{"rendered":"<p>Ce kit offre de grandes boucles en plastique et les  [&#8230;]<\/p>\n","protected":false},"featured_media":17264,"template":"","meta":[],"pwb-brand":[],"product_brand":[],"product_cat":[134],"product_tag":[],"class_list":{"0":"post-17265","1":"product","2":"type-product","3":"status-publish","4":"has-post-thumbnail","6":"product_cat-aids-to-daily-living-fr","8":"first","9":"instock","10":"taxable","11":"shipping-taxable","12":"purchasable","13":"product-type-simple"},"brands":[],"_links":{"self":[{"href":"https:\/\/brownhealthcare.com\/fr\/wp-json\/wp\/v2\/product\/17265","targetHints":{"allow":["GET"]}}],"collection":[{"href":"https:\/\/brownhealthcare.com\/fr\/wp-json\/wp\/v2\/product"}],"about":[{"href":"https:\/\/brownhealthcare.com\/fr\/wp-json\/wp\/v2\/types\/product"}],"wp:featuredmedia":[{"embeddable":true,"href":"https:\/\/brownhealthcare.com\/fr\/wp-json\/wp\/v2\/media\/17264"}],"wp:attachment":[{"href":"https:\/\/brownhealthcare.com\/fr\/wp-json\/wp\/v2\/media?parent=17265"}],"wp:term":[{"taxonomy":"pwb-brand","embeddable":true,"href":"https:\/\/brownhealthcare.com\/fr\/wp-json\/wp\/v2\/pwb-brand?post=17265"},{"taxonomy":"product_brand","embeddable":true,"href":"https:\/\/brownhealthcare.com\/fr\/wp-json\/wp\/v2\/product_brand?post=17265"},{"taxonomy":"product_cat","embeddable":true,"href":"https:\/\/brownhealthcare.com\/fr\/wp-json\/wp\/v2\/product_cat?post=17265"},{"taxonomy":"product_tag","embeddable":true,"href":"https:\/\/brownhealthcare.com\/fr\/wp-json\/wp\/v2\/product_tag?post=17265"}],"curies":[{"name":"wp","href":"https:\/\/api.w.org\/{rel}","templated":true}]}}