{"id":17225,"date":"2017-01-30T15:07:52","date_gmt":"2017-01-30T20:07:52","guid":{"rendered":"https:\/\/brownhealthcare.flywheelsites.com\/?product=peigne-avec-manche-court"},"modified":"2021-12-28T16:12:07","modified_gmt":"2021-12-28T16:12:07","slug":"peigne-avec-manche-court","status":"publish","type":"product","link":"https:\/\/brownhealthcare.com\/fr\/produit\/peigne-avec-manche-court\/","title":{"rendered":"Peigne avec manche court"},"content":{"rendered":"<p><span style=\"font-family:arial,helvetica,sans-serif\">Le Peigne de beaut\u00e9 est disponible en deux longueurs. Notez que la section de peigne elle-m\u00eame est incurv\u00e9e pour suivre la forme de la t\u00eate. Cela signifie que vous pouvez tenir la poign\u00e9e pr\u00e8s de votre corps sans perdre la force ou la port\u00e9e.<\/span><\/p>\n","protected":false},"excerpt":{"rendered":"<p>Le Peigne de beaut\u00e9 est disponible en deux longueurs. Notez  [&#8230;]<\/p>\n","protected":false},"featured_media":17224,"template":"","meta":[],"pwb-brand":[],"product_brand":[],"product_cat":[134],"product_tag":[],"class_list":{"0":"post-17225","1":"product","2":"type-product","3":"status-publish","4":"has-post-thumbnail","6":"product_cat-aids-to-daily-living-fr","8":"first","9":"instock","10":"taxable","11":"shipping-taxable","12":"purchasable","13":"product-type-simple"},"brands":[],"_links":{"self":[{"href":"https:\/\/brownhealthcare.com\/fr\/wp-json\/wp\/v2\/product\/17225","targetHints":{"allow":["GET"]}}],"collection":[{"href":"https:\/\/brownhealthcare.com\/fr\/wp-json\/wp\/v2\/product"}],"about":[{"href":"https:\/\/brownhealthcare.com\/fr\/wp-json\/wp\/v2\/types\/product"}],"wp:featuredmedia":[{"embeddable":true,"href":"https:\/\/brownhealthcare.com\/fr\/wp-json\/wp\/v2\/media\/17224"}],"wp:attachment":[{"href":"https:\/\/brownhealthcare.com\/fr\/wp-json\/wp\/v2\/media?parent=17225"}],"wp:term":[{"taxonomy":"pwb-brand","embeddable":true,"href":"https:\/\/brownhealthcare.com\/fr\/wp-json\/wp\/v2\/pwb-brand?post=17225"},{"taxonomy":"product_brand","embeddable":true,"href":"https:\/\/brownhealthcare.com\/fr\/wp-json\/wp\/v2\/product_brand?post=17225"},{"taxonomy":"product_cat","embeddable":true,"href":"https:\/\/brownhealthcare.com\/fr\/wp-json\/wp\/v2\/product_cat?post=17225"},{"taxonomy":"product_tag","embeddable":true,"href":"https:\/\/brownhealthcare.com\/fr\/wp-json\/wp\/v2\/product_tag?post=17225"}],"curies":[{"name":"wp","href":"https:\/\/api.w.org\/{rel}","templated":true}]}}