{"id":17217,"date":"2017-01-30T15:01:27","date_gmt":"2017-01-30T20:01:27","guid":{"rendered":"https:\/\/brownhealthcare.flywheelsites.com\/?product=brosse-pour-laver-les-cheveux"},"modified":"2025-06-09T14:06:36","modified_gmt":"2025-06-09T18:06:36","slug":"brosse-pour-laver-les-cheveux","status":"publish","type":"product","link":"https:\/\/brownhealthcare.com\/fr\/produit\/brosse-pour-laver-les-cheveux\/","title":{"rendered":"Brosse pour laver les cheveux"},"content":{"rendered":"<p><span style=\"color:rgb(33, 33, 33); font-family:arial,sans-serif; font-size:16px\">La rondelle de cheveux \u00e9tend la port\u00e9e des bras et remplace les doigts pendant le shampooing. Design a \u00e9t\u00e9 test\u00e9 pour s&#8217;assurer qu&#8217;il atteint et massages tout le cuir chevelu.<\/span><\/p>\n<p>\u00a0<\/p>\n<p>\u00a0<\/p>\n","protected":false},"excerpt":{"rendered":"<p>La rondelle de cheveux \u00e9tend la port\u00e9e des bras et  [&#8230;]<\/p>\n","protected":false},"featured_media":17216,"template":"","meta":[],"pwb-brand":[],"product_brand":[],"product_cat":[134],"product_tag":[],"class_list":{"0":"post-17217","1":"product","2":"type-product","3":"status-publish","4":"has-post-thumbnail","6":"product_cat-aids-to-daily-living-fr","8":"first","9":"instock","10":"taxable","11":"shipping-taxable","12":"purchasable","13":"product-type-simple"},"brands":[],"_links":{"self":[{"href":"https:\/\/brownhealthcare.com\/fr\/wp-json\/wp\/v2\/product\/17217","targetHints":{"allow":["GET"]}}],"collection":[{"href":"https:\/\/brownhealthcare.com\/fr\/wp-json\/wp\/v2\/product"}],"about":[{"href":"https:\/\/brownhealthcare.com\/fr\/wp-json\/wp\/v2\/types\/product"}],"wp:featuredmedia":[{"embeddable":true,"href":"https:\/\/brownhealthcare.com\/fr\/wp-json\/wp\/v2\/media\/17216"}],"wp:attachment":[{"href":"https:\/\/brownhealthcare.com\/fr\/wp-json\/wp\/v2\/media?parent=17217"}],"wp:term":[{"taxonomy":"pwb-brand","embeddable":true,"href":"https:\/\/brownhealthcare.com\/fr\/wp-json\/wp\/v2\/pwb-brand?post=17217"},{"taxonomy":"product_brand","embeddable":true,"href":"https:\/\/brownhealthcare.com\/fr\/wp-json\/wp\/v2\/product_brand?post=17217"},{"taxonomy":"product_cat","embeddable":true,"href":"https:\/\/brownhealthcare.com\/fr\/wp-json\/wp\/v2\/product_cat?post=17217"},{"taxonomy":"product_tag","embeddable":true,"href":"https:\/\/brownhealthcare.com\/fr\/wp-json\/wp\/v2\/product_tag?post=17217"}],"curies":[{"name":"wp","href":"https:\/\/api.w.org\/{rel}","templated":true}]}}