{"id":17205,"date":"2017-01-30T14:42:08","date_gmt":"2017-01-30T19:42:08","guid":{"rendered":"https:\/\/brownhealthcare.flywheelsites.com\/?product=tourne-bouton-de-cuisiniere-a-long-manche"},"modified":"2021-12-28T16:44:31","modified_gmt":"2021-12-28T16:44:31","slug":"tourne-bouton-de-cuisiniere-a-long-manche","status":"publish","type":"product","link":"https:\/\/brownhealthcare.com\/fr\/produit\/tourne-bouton-de-cuisiniere-a-long-manche\/","title":{"rendered":"Tourne-bouton de cuisini\u00e8re, \u00e0 long manche"},"content":{"rendered":"<p><span style=\"color:rgb(33, 33, 33); font-family:arial,sans-serif; font-size:16px\">Pour les personnes qui ne peuvent pas saisir ou tourner le bouton du po\u00eale ou atteindre au-dessus des pots chauds, c&#8217;est juste l&#8217;\u00e9l\u00e9ment dont ils ont besoin. Tige en aluminium l\u00e9g\u00e8re sans rev\u00eatement \u00e9poxy et une grande poign\u00e9e de confort pour une action de torsion facile.<\/span><\/p>\n<p>\u00a0<\/p>\n<p>\u00a0<\/p>\n","protected":false},"excerpt":{"rendered":"<p>Pour les personnes qui ne peuvent pas saisir ou tourner  [&#8230;]<\/p>\n","protected":false},"featured_media":17204,"template":"","meta":[],"pwb-brand":[],"product_brand":[],"product_cat":[134],"product_tag":[],"class_list":{"0":"post-17205","1":"product","2":"type-product","3":"status-publish","4":"has-post-thumbnail","6":"product_cat-aids-to-daily-living-fr","8":"first","9":"instock","10":"shipping-taxable","11":"purchasable","12":"product-type-simple"},"brands":[],"_links":{"self":[{"href":"https:\/\/brownhealthcare.com\/fr\/wp-json\/wp\/v2\/product\/17205","targetHints":{"allow":["GET"]}}],"collection":[{"href":"https:\/\/brownhealthcare.com\/fr\/wp-json\/wp\/v2\/product"}],"about":[{"href":"https:\/\/brownhealthcare.com\/fr\/wp-json\/wp\/v2\/types\/product"}],"wp:featuredmedia":[{"embeddable":true,"href":"https:\/\/brownhealthcare.com\/fr\/wp-json\/wp\/v2\/media\/17204"}],"wp:attachment":[{"href":"https:\/\/brownhealthcare.com\/fr\/wp-json\/wp\/v2\/media?parent=17205"}],"wp:term":[{"taxonomy":"pwb-brand","embeddable":true,"href":"https:\/\/brownhealthcare.com\/fr\/wp-json\/wp\/v2\/pwb-brand?post=17205"},{"taxonomy":"product_brand","embeddable":true,"href":"https:\/\/brownhealthcare.com\/fr\/wp-json\/wp\/v2\/product_brand?post=17205"},{"taxonomy":"product_cat","embeddable":true,"href":"https:\/\/brownhealthcare.com\/fr\/wp-json\/wp\/v2\/product_cat?post=17205"},{"taxonomy":"product_tag","embeddable":true,"href":"https:\/\/brownhealthcare.com\/fr\/wp-json\/wp\/v2\/product_tag?post=17205"}],"curies":[{"name":"wp","href":"https:\/\/api.w.org\/{rel}","templated":true}]}}