{"id":17185,"date":"2016-01-12T12:09:11","date_gmt":"2016-01-12T17:09:11","guid":{"rendered":"https:\/\/brownhealthcare.flywheelsites.com\/?product=embout-de-canne-antiderapant"},"modified":"2021-12-28T17:13:34","modified_gmt":"2021-12-28T17:13:34","slug":"embout-de-canne-antiderapant","status":"publish","type":"product","link":"https:\/\/brownhealthcare.com\/fr\/produit\/embout-de-canne-antiderapant\/","title":{"rendered":"Embout de canne antid\u00e9rapant"},"content":{"rendered":"<p><span style=\"font-family:arial,helvetica,sans-serif\">Pointe de glace pour cannes et b\u00e9quilles. Le point \u00e9toile donne un glissement de traction libre solide sur neige ou la glace, mais bascule vers le haut de la route lorsqu&#8217;ils ne sont pas n\u00e9cessaires. Pinces sur avec deux vis. Convient \u00e0 toutes les cannes et b\u00e9quilles de taille standard.<\/span><\/p>\n","protected":false},"excerpt":{"rendered":"<p>Pointe de glace pour cannes et b\u00e9quilles. Le point \u00e9toile  [&#8230;]<\/p>\n","protected":false},"featured_media":17184,"template":"","meta":[],"pwb-brand":[],"product_brand":[],"product_cat":[134],"product_tag":[],"class_list":{"0":"post-17185","1":"product","2":"type-product","3":"status-publish","4":"has-post-thumbnail","6":"product_cat-aids-to-daily-living-fr","8":"first","9":"instock","10":"shipping-taxable","11":"purchasable","12":"product-type-simple"},"brands":[],"_links":{"self":[{"href":"https:\/\/brownhealthcare.com\/fr\/wp-json\/wp\/v2\/product\/17185","targetHints":{"allow":["GET"]}}],"collection":[{"href":"https:\/\/brownhealthcare.com\/fr\/wp-json\/wp\/v2\/product"}],"about":[{"href":"https:\/\/brownhealthcare.com\/fr\/wp-json\/wp\/v2\/types\/product"}],"wp:featuredmedia":[{"embeddable":true,"href":"https:\/\/brownhealthcare.com\/fr\/wp-json\/wp\/v2\/media\/17184"}],"wp:attachment":[{"href":"https:\/\/brownhealthcare.com\/fr\/wp-json\/wp\/v2\/media?parent=17185"}],"wp:term":[{"taxonomy":"pwb-brand","embeddable":true,"href":"https:\/\/brownhealthcare.com\/fr\/wp-json\/wp\/v2\/pwb-brand?post=17185"},{"taxonomy":"product_brand","embeddable":true,"href":"https:\/\/brownhealthcare.com\/fr\/wp-json\/wp\/v2\/product_brand?post=17185"},{"taxonomy":"product_cat","embeddable":true,"href":"https:\/\/brownhealthcare.com\/fr\/wp-json\/wp\/v2\/product_cat?post=17185"},{"taxonomy":"product_tag","embeddable":true,"href":"https:\/\/brownhealthcare.com\/fr\/wp-json\/wp\/v2\/product_tag?post=17185"}],"curies":[{"name":"wp","href":"https:\/\/api.w.org\/{rel}","templated":true}]}}