{"id":17181,"date":"2016-01-12T12:02:31","date_gmt":"2016-01-12T17:02:31","guid":{"rendered":"https:\/\/brownhealthcare.flywheelsites.com\/?product=cape-impermeable-pour-fauteuil-roulant"},"modified":"2021-12-28T16:47:23","modified_gmt":"2021-12-28T16:47:23","slug":"cape-impermeable-pour-fauteuil-roulant","status":"publish","type":"product","link":"https:\/\/brownhealthcare.com\/fr\/produit\/cape-impermeable-pour-fauteuil-roulant\/","title":{"rendered":"Cape imperm\u00e9able pour fauteuil roulant"},"content":{"rendered":"<p><span style=\"font-family:arial,helvetica,sans-serif\">Une g\u00e9n\u00e9reuse taille cape de pluie pour prot\u00e9ger la personne assise dans un fauteuil roulant et le fauteuil roulant aussi bien. A une fermeture velcro qui peut \u00eatre ouverte et ferm\u00e9e de l&#8217;int\u00e9rieur ainsi que l&#8217;ext\u00e9rieur, a \u00e9galement un capot \u00e0 double \u00e9paisseur pour plus de chaleur. Taille unique. Fait de nylon de 100% &#8211; lavable en machine.<\/span><\/p>\n","protected":false},"excerpt":{"rendered":"<p>Une g\u00e9n\u00e9reuse taille cape de pluie pour prot\u00e9ger la personne  [&#8230;]<\/p>\n","protected":false},"featured_media":17180,"template":"","meta":[],"pwb-brand":[],"product_brand":[],"product_cat":[134],"product_tag":[],"class_list":{"0":"post-17181","1":"product","2":"type-product","3":"status-publish","4":"has-post-thumbnail","6":"product_cat-aids-to-daily-living-fr","8":"first","9":"instock","10":"shipping-taxable","11":"purchasable","12":"product-type-simple"},"brands":[],"_links":{"self":[{"href":"https:\/\/brownhealthcare.com\/fr\/wp-json\/wp\/v2\/product\/17181","targetHints":{"allow":["GET"]}}],"collection":[{"href":"https:\/\/brownhealthcare.com\/fr\/wp-json\/wp\/v2\/product"}],"about":[{"href":"https:\/\/brownhealthcare.com\/fr\/wp-json\/wp\/v2\/types\/product"}],"wp:featuredmedia":[{"embeddable":true,"href":"https:\/\/brownhealthcare.com\/fr\/wp-json\/wp\/v2\/media\/17180"}],"wp:attachment":[{"href":"https:\/\/brownhealthcare.com\/fr\/wp-json\/wp\/v2\/media?parent=17181"}],"wp:term":[{"taxonomy":"pwb-brand","embeddable":true,"href":"https:\/\/brownhealthcare.com\/fr\/wp-json\/wp\/v2\/pwb-brand?post=17181"},{"taxonomy":"product_brand","embeddable":true,"href":"https:\/\/brownhealthcare.com\/fr\/wp-json\/wp\/v2\/product_brand?post=17181"},{"taxonomy":"product_cat","embeddable":true,"href":"https:\/\/brownhealthcare.com\/fr\/wp-json\/wp\/v2\/product_cat?post=17181"},{"taxonomy":"product_tag","embeddable":true,"href":"https:\/\/brownhealthcare.com\/fr\/wp-json\/wp\/v2\/product_tag?post=17181"}],"curies":[{"name":"wp","href":"https:\/\/api.w.org\/{rel}","templated":true}]}}