{"id":17161,"date":"2015-12-28T08:18:10","date_gmt":"2015-12-28T13:18:10","guid":{"rendered":"https:\/\/brownhealthcare.flywheelsites.com\/?product=pince-de-prehension-26-po-66-cm"},"modified":"2021-12-28T16:05:11","modified_gmt":"2021-12-28T16:05:11","slug":"pince-de-prehension-26-po-66-cm","status":"publish","type":"product","link":"https:\/\/brownhealthcare.com\/fr\/produit\/pince-de-prehension-26-po-66-cm\/","title":{"rendered":"Pince de pr\u00e9hension &#8211; 26 po (66 cm)"},"content":{"rendered":"<p><span style=\"font-family:arial,helvetica,sans-serif\">P\u00e8se seulement 190 grammes (6 oz). Fourni avec embout magn\u00e9tique pour ramasser des broches, des pi\u00e8ces de monnaie, etc.<\/span><\/p>\n","protected":false},"excerpt":{"rendered":"<p>P\u00e8se seulement 190 grammes (6 oz). Fourni avec embout magn\u00e9tique  [&#8230;]<\/p>\n","protected":false},"featured_media":17160,"template":"","meta":[],"pwb-brand":[],"product_brand":[],"product_cat":[134],"product_tag":[],"class_list":{"0":"post-17161","1":"product","2":"type-product","3":"status-publish","4":"has-post-thumbnail","6":"product_cat-aids-to-daily-living-fr","8":"first","9":"instock","10":"taxable","11":"shipping-taxable","12":"purchasable","13":"product-type-simple"},"brands":[],"_links":{"self":[{"href":"https:\/\/brownhealthcare.com\/fr\/wp-json\/wp\/v2\/product\/17161","targetHints":{"allow":["GET"]}}],"collection":[{"href":"https:\/\/brownhealthcare.com\/fr\/wp-json\/wp\/v2\/product"}],"about":[{"href":"https:\/\/brownhealthcare.com\/fr\/wp-json\/wp\/v2\/types\/product"}],"wp:featuredmedia":[{"embeddable":true,"href":"https:\/\/brownhealthcare.com\/fr\/wp-json\/wp\/v2\/media\/17160"}],"wp:attachment":[{"href":"https:\/\/brownhealthcare.com\/fr\/wp-json\/wp\/v2\/media?parent=17161"}],"wp:term":[{"taxonomy":"pwb-brand","embeddable":true,"href":"https:\/\/brownhealthcare.com\/fr\/wp-json\/wp\/v2\/pwb-brand?post=17161"},{"taxonomy":"product_brand","embeddable":true,"href":"https:\/\/brownhealthcare.com\/fr\/wp-json\/wp\/v2\/product_brand?post=17161"},{"taxonomy":"product_cat","embeddable":true,"href":"https:\/\/brownhealthcare.com\/fr\/wp-json\/wp\/v2\/product_cat?post=17161"},{"taxonomy":"product_tag","embeddable":true,"href":"https:\/\/brownhealthcare.com\/fr\/wp-json\/wp\/v2\/product_tag?post=17161"}],"curies":[{"name":"wp","href":"https:\/\/api.w.org\/{rel}","templated":true}]}}