{"id":17157,"date":"2015-11-23T13:03:01","date_gmt":"2015-11-23T18:03:01","guid":{"rendered":"https:\/\/brownhealthcare.flywheelsites.com\/?product=lave-dos"},"modified":"2021-12-28T16:09:16","modified_gmt":"2021-12-28T16:09:16","slug":"lave-dos","status":"publish","type":"product","link":"https:\/\/brownhealthcare.com\/fr\/produit\/lave-dos\/","title":{"rendered":"Lave-dos"},"content":{"rendered":"<p>Pad multi-couches de blanc tissu \u00e9ponge non-allerg\u00e8ne avec la main boucles \u00e0 chaque extr\u00e9mit\u00e9. Donne retour de lavage facile.<\/p>\n","protected":false},"excerpt":{"rendered":"<p>Pad multi-couches de blanc tissu \u00e9ponge non-allerg\u00e8ne avec la main  [&#8230;]<\/p>\n","protected":false},"featured_media":17156,"template":"","meta":[],"pwb-brand":[],"product_brand":[],"product_cat":[134],"product_tag":[],"class_list":{"0":"post-17157","1":"product","2":"type-product","3":"status-publish","4":"has-post-thumbnail","6":"product_cat-aids-to-daily-living-fr","8":"first","9":"instock","10":"taxable","11":"shipping-taxable","12":"purchasable","13":"product-type-simple"},"brands":[],"_links":{"self":[{"href":"https:\/\/brownhealthcare.com\/fr\/wp-json\/wp\/v2\/product\/17157","targetHints":{"allow":["GET"]}}],"collection":[{"href":"https:\/\/brownhealthcare.com\/fr\/wp-json\/wp\/v2\/product"}],"about":[{"href":"https:\/\/brownhealthcare.com\/fr\/wp-json\/wp\/v2\/types\/product"}],"wp:featuredmedia":[{"embeddable":true,"href":"https:\/\/brownhealthcare.com\/fr\/wp-json\/wp\/v2\/media\/17156"}],"wp:attachment":[{"href":"https:\/\/brownhealthcare.com\/fr\/wp-json\/wp\/v2\/media?parent=17157"}],"wp:term":[{"taxonomy":"pwb-brand","embeddable":true,"href":"https:\/\/brownhealthcare.com\/fr\/wp-json\/wp\/v2\/pwb-brand?post=17157"},{"taxonomy":"product_brand","embeddable":true,"href":"https:\/\/brownhealthcare.com\/fr\/wp-json\/wp\/v2\/product_brand?post=17157"},{"taxonomy":"product_cat","embeddable":true,"href":"https:\/\/brownhealthcare.com\/fr\/wp-json\/wp\/v2\/product_cat?post=17157"},{"taxonomy":"product_tag","embeddable":true,"href":"https:\/\/brownhealthcare.com\/fr\/wp-json\/wp\/v2\/product_tag?post=17157"}],"curies":[{"name":"wp","href":"https:\/\/api.w.org\/{rel}","templated":true}]}}