{"id":17153,"date":"2015-11-23T12:57:19","date_gmt":"2015-11-23T17:57:19","guid":{"rendered":"https:\/\/brownhealthcare.flywheelsites.com\/?product=jeux-de-carte-gros-caracteres"},"modified":"2021-12-28T16:34:49","modified_gmt":"2021-12-28T16:34:49","slug":"jeux-de-carte-gros-caracteres","status":"publish","type":"product","link":"https:\/\/brownhealthcare.com\/fr\/produit\/jeux-de-carte-gros-caracteres\/","title":{"rendered":"Jeux de carte gros caract\u00e8res"},"content":{"rendered":"<p><span style=\"font-family:arial,helvetica,sans-serif\"><span style=\"color:rgb(33, 33, 33); font-size:16px\">Ces cartes ont des chiffres et des lettres de 1,25 pouce (3,2 cm). Excellent pour les joueurs ayant une mauvaise vision. Fini liner pour cartes r\u00e9sistantes \u00e0 l&#8217;eau, faciles \u00e0 saisir.<\/span><\/span><\/p>\n<p>\u00a0<\/p>\n","protected":false},"excerpt":{"rendered":"<p>Ces cartes ont des chiffres et des lettres de 1,25  [&#8230;]<\/p>\n","protected":false},"featured_media":17152,"template":"","meta":[],"pwb-brand":[],"product_brand":[],"product_cat":[134],"product_tag":[],"class_list":{"0":"post-17153","1":"product","2":"type-product","3":"status-publish","4":"has-post-thumbnail","6":"product_cat-aids-to-daily-living-fr","8":"first","9":"instock","10":"taxable","11":"shipping-taxable","12":"purchasable","13":"product-type-simple"},"brands":[],"_links":{"self":[{"href":"https:\/\/brownhealthcare.com\/fr\/wp-json\/wp\/v2\/product\/17153","targetHints":{"allow":["GET"]}}],"collection":[{"href":"https:\/\/brownhealthcare.com\/fr\/wp-json\/wp\/v2\/product"}],"about":[{"href":"https:\/\/brownhealthcare.com\/fr\/wp-json\/wp\/v2\/types\/product"}],"wp:featuredmedia":[{"embeddable":true,"href":"https:\/\/brownhealthcare.com\/fr\/wp-json\/wp\/v2\/media\/17152"}],"wp:attachment":[{"href":"https:\/\/brownhealthcare.com\/fr\/wp-json\/wp\/v2\/media?parent=17153"}],"wp:term":[{"taxonomy":"pwb-brand","embeddable":true,"href":"https:\/\/brownhealthcare.com\/fr\/wp-json\/wp\/v2\/pwb-brand?post=17153"},{"taxonomy":"product_brand","embeddable":true,"href":"https:\/\/brownhealthcare.com\/fr\/wp-json\/wp\/v2\/product_brand?post=17153"},{"taxonomy":"product_cat","embeddable":true,"href":"https:\/\/brownhealthcare.com\/fr\/wp-json\/wp\/v2\/product_cat?post=17153"},{"taxonomy":"product_tag","embeddable":true,"href":"https:\/\/brownhealthcare.com\/fr\/wp-json\/wp\/v2\/product_tag?post=17153"}],"curies":[{"name":"wp","href":"https:\/\/api.w.org\/{rel}","templated":true}]}}