{"id":17129,"date":"2015-08-01T07:40:53","date_gmt":"2015-08-01T11:40:53","guid":{"rendered":"https:\/\/brownhealthcare.flywheelsites.com\/?product=pressure-reduction-interface-area-flat-pad"},"modified":"2024-02-07T20:44:04","modified_gmt":"2024-02-08T01:44:04","slug":"pressure-reduction-interface-area-flat-pad","status":"publish","type":"product","link":"https:\/\/brownhealthcare.com\/fr\/produit\/pressure-reduction-interface-area-flat-pad\/","title":{"rendered":"Pressure Reduction Interface Area Flat Pad"},"content":{"rendered":"<pre><span style=\"font-family: arial,helvetica,sans-serif;\">Utilisez plus de matelas, chaises, si\u00e8ges de voiture ou d'autres surfaces . Cinq couches de MicroSpring Textile apportent un soulagement de la pression , friction et le cisaillement . Parfait pour les zones de torse telles que l'omoplate , le sacrum , les c\u00f4tes, trochanter , tub\u00e9rosit\u00e9 et condoyles sciatique . La zone Flat Pad mesure 35 \"x24\".<\/span><\/pre>\n","protected":false},"excerpt":{"rendered":"<p>Utilisez plus de matelas, chaises, si\u00e8ges de voiture ou d&#8217;autres  [&#8230;]<\/p>\n","protected":false},"featured_media":17128,"template":"","meta":[],"pwb-brand":[],"product_brand":[],"product_cat":[132],"product_tag":[],"class_list":{"0":"post-17129","1":"product","2":"type-product","3":"status-publish","4":"has-post-thumbnail","6":"product_cat-dermasaver-fr","8":"first","9":"instock","10":"taxable","11":"shipping-taxable","12":"product-type-simple"},"brands":[],"_links":{"self":[{"href":"https:\/\/brownhealthcare.com\/fr\/wp-json\/wp\/v2\/product\/17129","targetHints":{"allow":["GET"]}}],"collection":[{"href":"https:\/\/brownhealthcare.com\/fr\/wp-json\/wp\/v2\/product"}],"about":[{"href":"https:\/\/brownhealthcare.com\/fr\/wp-json\/wp\/v2\/types\/product"}],"wp:featuredmedia":[{"embeddable":true,"href":"https:\/\/brownhealthcare.com\/fr\/wp-json\/wp\/v2\/media\/17128"}],"wp:attachment":[{"href":"https:\/\/brownhealthcare.com\/fr\/wp-json\/wp\/v2\/media?parent=17129"}],"wp:term":[{"taxonomy":"pwb-brand","embeddable":true,"href":"https:\/\/brownhealthcare.com\/fr\/wp-json\/wp\/v2\/pwb-brand?post=17129"},{"taxonomy":"product_brand","embeddable":true,"href":"https:\/\/brownhealthcare.com\/fr\/wp-json\/wp\/v2\/product_brand?post=17129"},{"taxonomy":"product_cat","embeddable":true,"href":"https:\/\/brownhealthcare.com\/fr\/wp-json\/wp\/v2\/product_cat?post=17129"},{"taxonomy":"product_tag","embeddable":true,"href":"https:\/\/brownhealthcare.com\/fr\/wp-json\/wp\/v2\/product_tag?post=17129"}],"curies":[{"name":"wp","href":"https:\/\/api.w.org\/{rel}","templated":true}]}}