{"id":17125,"date":"2014-10-21T14:25:30","date_gmt":"2014-10-21T18:25:30","guid":{"rendered":"https:\/\/brownhealthcare.flywheelsites.com\/?product=delloch-circu-hand"},"modified":"2015-09-29T12:11:53","modified_gmt":"2015-09-29T12:11:53","slug":"delloch-circu-hand","status":"publish","type":"product","link":"https:\/\/brownhealthcare.com\/fr\/produit\/delloch-circu-hand\/","title":{"rendered":"Delloch Circu Hand"},"content":{"rendered":"<p><strong>Delloch Circu Main<\/strong> est le plus r\u00e9cent, de fa\u00e7on \u00e0 faible impact pour favoriser la circulation, r\u00e9duire la raideur et r\u00e9duire l&#8217;enflure dans vos mains. Exercer doucement les doigts et les poignets arthritiques, de r\u00e9adaptation apr\u00e8s une chirurgie du canal carpien ou renforcer les doigts, les poignets et les avant-bras. Pour les personnes \u00e2g\u00e9es qui sont alit\u00e9s, c&#8217;est une excellente forme d&#8217;exercice \u00e0 condition que leur fournisseur de soins de sant\u00e9 approuve.\u00a0<\/p>\n<p>Simple \u00e0 utiliser: Soufflez dans la vanne en plastique transparent pour combler une partie de l&#8217;air et remplacer la valve dans le bouchon. Glissez une main dans la dragonne \u00e0 votre stabalize et tenez l&#8217;autre extr\u00e9mit\u00e9 avec la main oppos\u00e9e. Appuyez doucement sur un c\u00f4t\u00e9, d\u00e9pla\u00e7ant l&#8217;air dans l&#8217;autre section, puis r\u00e9p\u00e9ter avec la main oppos\u00e9e. R\u00e9p\u00e9ter.<\/p>\n<p><strong>Arr\u00eatez-vous<\/strong> si tout exercice devient inconfortable ou si vous \u00eates conseill\u00e9 de ne pas faire cet exercice par votre professionnel de la sant\u00e9.<\/p>\n","protected":false},"excerpt":{"rendered":"<p>Delloch Circu Main est le plus r\u00e9cent, de fa\u00e7on \u00e0  [&#8230;]<\/p>\n","protected":false},"featured_media":17124,"template":"","meta":[],"pwb-brand":[],"product_brand":[],"product_cat":[134],"product_tag":[],"class_list":{"0":"post-17125","1":"product","2":"type-product","3":"status-publish","4":"has-post-thumbnail","6":"product_cat-aids-to-daily-living-fr","8":"first","9":"instock","10":"taxable","11":"shipping-taxable","12":"purchasable","13":"product-type-simple"},"brands":[],"_links":{"self":[{"href":"https:\/\/brownhealthcare.com\/fr\/wp-json\/wp\/v2\/product\/17125","targetHints":{"allow":["GET"]}}],"collection":[{"href":"https:\/\/brownhealthcare.com\/fr\/wp-json\/wp\/v2\/product"}],"about":[{"href":"https:\/\/brownhealthcare.com\/fr\/wp-json\/wp\/v2\/types\/product"}],"wp:featuredmedia":[{"embeddable":true,"href":"https:\/\/brownhealthcare.com\/fr\/wp-json\/wp\/v2\/media\/17124"}],"wp:attachment":[{"href":"https:\/\/brownhealthcare.com\/fr\/wp-json\/wp\/v2\/media?parent=17125"}],"wp:term":[{"taxonomy":"pwb-brand","embeddable":true,"href":"https:\/\/brownhealthcare.com\/fr\/wp-json\/wp\/v2\/pwb-brand?post=17125"},{"taxonomy":"product_brand","embeddable":true,"href":"https:\/\/brownhealthcare.com\/fr\/wp-json\/wp\/v2\/product_brand?post=17125"},{"taxonomy":"product_cat","embeddable":true,"href":"https:\/\/brownhealthcare.com\/fr\/wp-json\/wp\/v2\/product_cat?post=17125"},{"taxonomy":"product_tag","embeddable":true,"href":"https:\/\/brownhealthcare.com\/fr\/wp-json\/wp\/v2\/product_tag?post=17125"}],"curies":[{"name":"wp","href":"https:\/\/api.w.org\/{rel}","templated":true}]}}