{"id":17121,"date":"2014-10-21T13:38:25","date_gmt":"2014-10-21T17:38:25","guid":{"rendered":"https:\/\/brownhealthcare.flywheelsites.com\/?product=delloch-circu-foot"},"modified":"2018-03-08T10:21:05","modified_gmt":"2018-03-08T10:21:05","slug":"delloch-circu-foot","status":"publish","type":"product","link":"https:\/\/brownhealthcare.com\/fr\/produit\/delloch-circu-foot\/","title":{"rendered":"Delloch Circu Foot"},"content":{"rendered":"<p>La fa\u00e7on dont le plus r\u00e9cent et le plus facile \u00e0 favoriser la circulation, r\u00e9duire la raideur et r\u00e9duire l&#8217;enflure des membres inf\u00e9rieurs est la <strong>Circu pied Delloch<\/strong>. Parfait pour les personnes \u00e2g\u00e9es qui ne re\u00e7oivent pas assez d&#8217;exercice ou sont confin\u00e9s \u00e0 des fauteuils ou des fauteuils roulants &#8211; encore plus id\u00e9al pour les voyageurs qui restent assis pour les longs vols.<\/p>\n<p>Facile \u00e0 utiliser: Soufflez dans la vanne en plastique transparent et remplir une section de pied avec de l&#8217;air, remplacer la bougie. Placez le pied Circu sur le sol, poussez vers le bas avec un pied, puis l&#8217;autre afin que l&#8217;air se d\u00e9place d&#8217;une section \u00e0 l&#8217;autre. R\u00e9p\u00e9ter.\u00a0<\/p>\n<p>Tournez les Circu pied de 90 degr\u00e9s et utiliser le m\u00eame mouvement de d\u00e9placement de l&#8217;air de faire un exercice de p\u00e9dalage. Poussez vers le bas avec les deux talons, puis appuyez \u00e0 nouveau avec les deux doigts de d\u00e9placement de l&#8217;air de l&#8217;avant vers l&#8217;arri\u00e8re.\u00a0<\/p>\n<p><u><strong>Arr\u00eatez-vous<\/strong><\/u>\u00a0si tout exercice devient inconfortable ou si vous \u00eates conseill\u00e9 de ne pas faire cet exercice par votre professionnel de la sant\u00e9.<\/p>\n<p>\u00a0<\/p>\n","protected":false},"excerpt":{"rendered":"<p>La fa\u00e7on dont le plus r\u00e9cent et le plus facile  [&#8230;]<\/p>\n","protected":false},"featured_media":17120,"template":"","meta":[],"pwb-brand":[],"product_brand":[],"product_cat":[134],"product_tag":[],"class_list":{"0":"post-17121","1":"product","2":"type-product","3":"status-publish","4":"has-post-thumbnail","6":"product_cat-aids-to-daily-living-fr","8":"first","9":"instock","10":"taxable","11":"shipping-taxable","12":"purchasable","13":"product-type-simple"},"brands":[],"_links":{"self":[{"href":"https:\/\/brownhealthcare.com\/fr\/wp-json\/wp\/v2\/product\/17121","targetHints":{"allow":["GET"]}}],"collection":[{"href":"https:\/\/brownhealthcare.com\/fr\/wp-json\/wp\/v2\/product"}],"about":[{"href":"https:\/\/brownhealthcare.com\/fr\/wp-json\/wp\/v2\/types\/product"}],"wp:featuredmedia":[{"embeddable":true,"href":"https:\/\/brownhealthcare.com\/fr\/wp-json\/wp\/v2\/media\/17120"}],"wp:attachment":[{"href":"https:\/\/brownhealthcare.com\/fr\/wp-json\/wp\/v2\/media?parent=17121"}],"wp:term":[{"taxonomy":"pwb-brand","embeddable":true,"href":"https:\/\/brownhealthcare.com\/fr\/wp-json\/wp\/v2\/pwb-brand?post=17121"},{"taxonomy":"product_brand","embeddable":true,"href":"https:\/\/brownhealthcare.com\/fr\/wp-json\/wp\/v2\/product_brand?post=17121"},{"taxonomy":"product_cat","embeddable":true,"href":"https:\/\/brownhealthcare.com\/fr\/wp-json\/wp\/v2\/product_cat?post=17121"},{"taxonomy":"product_tag","embeddable":true,"href":"https:\/\/brownhealthcare.com\/fr\/wp-json\/wp\/v2\/product_tag?post=17121"}],"curies":[{"name":"wp","href":"https:\/\/api.w.org\/{rel}","templated":true}]}}