{"id":17111,"date":"2014-05-12T07:13:59","date_gmt":"2014-05-12T11:13:59","guid":{"rendered":"https:\/\/brownhealthcare.flywheelsites.com\/?product=posture-seat-par-raft"},"modified":"2014-05-12T08:10:47","modified_gmt":"2014-05-12T08:10:47","slug":"posture-seat-par-raft","status":"publish","type":"product","link":"https:\/\/brownhealthcare.com\/fr\/produit\/posture-seat-par-raft\/","title":{"rendered":"Posture Seat par Raft"},"content":{"rendered":"<p><span style=\"font-size:14px\"><strong>La nouvelle posture assise par (anciennement ergoSEET ) de radeau de conception brevet\u00e9e offre 4 principales caract\u00e9ristiques qui augmentent le confort d&#8217;assise.<\/strong><\/span><\/p>\n<p><strong>Airflow<\/strong> &#8211; Ports et piliers permettent de circulation de l&#8217;air pour vous aider \u00e0 garder au frais . Les trous dans le si\u00e8ge de posture par Raft vous permettent de dissiper la chaleur de votre corps ; les piliers ne s&#8217;effondrent pas permettre \u00e0 l&#8217;air de passer entre vous et la surface d&#8217;assise .<\/p>\n<p><strong>R\u00e9partition du poids<\/strong> &#8211; Piliers travailler \u00e0 r\u00e9partir le poids . Les piliers sur le fond sont plus courtes dans des domaines sp\u00e9cifiques pour permettre l&#8217; immersion de la structure pelvienne principalement votre ischiatique tub\u00e9rosit\u00e9s , la plupart des gens ne savent pas le nom , mais si vous dites \u00ab ces deux os pointus qui font mal quand vous \u00eates assis trop longtemps sur le places sur les gradins &#8221; ils seront imm\u00e9diatement comprendre . Par exemple une personne de 200 livres assis sur une chaise de bureau proposera 130 livres de poids r\u00e9partis sur les fesses et la cuisse post\u00e9rieure ces pics de pression sont centr\u00e9es sur les tub\u00e9rosit\u00e9s ischiatiques . Des tests ind\u00e9pendants montrent une diminution des pressions de pointe aussi \u00e9lev\u00e9es que 71 % en utilisant le si\u00e8ge de posture par radeau .<\/p>\n<p><strong>Posture<\/strong> &#8211; Variation pilier hauteurs permettent vous \u00eates la structure du bassin de plonger et basculer vers l&#8217;avant de mettre votre colonne vert\u00e9brale dans l&#8217;alignement appropri\u00e9 . En vous mettant en position assise correcte vous vous asseyez plus d\u00e9tendu et \u00e0 r\u00e9duire le stress sur le bas du dos . Le si\u00e8ge de la posture par radeau utilise \u00e9galement piliers courts dans le centre arri\u00e8re du coussin pour l&#8217;immersion du coccyx plus commun\u00e9ment connu sous le coccyx , c&#8217;est une autre pro\u00e9minence osseuse forte qui n&#8217;est pas id\u00e9al pour le poids important roulement et est \u00e9galement une zone de risque accru si la personne dans une posture &#8221; rabattu &#8221; .<\/p>\n<p><strong>Imperm\u00e9able \u00e0 l&#8217;eau<\/strong> &#8211; L&#8217; unique cellule ferm\u00e9e EVA utilis\u00e9 pour faire le si\u00e8ge de posture par radeau est tr\u00e8s diff\u00e9rent de vos coussins de si\u00e8ge standard, il sont principalement constitu\u00e9s soit d&#8217;une structure \u00e0 cellules ouvertes qui absorbe l&#8217;humidit\u00e9 et g\u00e9n\u00e8re de la chaleur ou le gel qui ne sera pas le souffle et aussi g\u00e9n\u00e8re de la chaleur . Le si\u00e8ge de la posture par radeau est tr\u00e8s unique dans le fait qu&#8217;il est confortable , imperm\u00e9able \u00e0 l&#8217;eau et au lave-vaisselle . Il suffit de mettre le lave-vaisselle et vous avez un nouveau si\u00e8ge \u00e0 chaque fois que vous voulez .<\/p>\n<p>Seat fait au Canada.<\/p>\n<p>15&#8243; x 15&#8243; x 1.5&#8243;<\/p>\n<p>Livr\u00e9 avec une housse en microfibre noir.<\/p>\n","protected":false},"excerpt":{"rendered":"<p>La nouvelle posture assise par (anciennement ergoSEET ) de radeau  [&#8230;]<\/p>\n","protected":false},"featured_media":17110,"template":"","meta":[],"pwb-brand":[],"product_brand":[],"product_cat":[134],"product_tag":[],"class_list":{"0":"post-17111","1":"product","2":"type-product","3":"status-publish","4":"has-post-thumbnail","6":"product_cat-aids-to-daily-living-fr","8":"first","9":"instock","10":"taxable","11":"shipping-taxable","12":"purchasable","13":"product-type-simple"},"brands":[],"_links":{"self":[{"href":"https:\/\/brownhealthcare.com\/fr\/wp-json\/wp\/v2\/product\/17111","targetHints":{"allow":["GET"]}}],"collection":[{"href":"https:\/\/brownhealthcare.com\/fr\/wp-json\/wp\/v2\/product"}],"about":[{"href":"https:\/\/brownhealthcare.com\/fr\/wp-json\/wp\/v2\/types\/product"}],"wp:featuredmedia":[{"embeddable":true,"href":"https:\/\/brownhealthcare.com\/fr\/wp-json\/wp\/v2\/media\/17110"}],"wp:attachment":[{"href":"https:\/\/brownhealthcare.com\/fr\/wp-json\/wp\/v2\/media?parent=17111"}],"wp:term":[{"taxonomy":"pwb-brand","embeddable":true,"href":"https:\/\/brownhealthcare.com\/fr\/wp-json\/wp\/v2\/pwb-brand?post=17111"},{"taxonomy":"product_brand","embeddable":true,"href":"https:\/\/brownhealthcare.com\/fr\/wp-json\/wp\/v2\/product_brand?post=17111"},{"taxonomy":"product_cat","embeddable":true,"href":"https:\/\/brownhealthcare.com\/fr\/wp-json\/wp\/v2\/product_cat?post=17111"},{"taxonomy":"product_tag","embeddable":true,"href":"https:\/\/brownhealthcare.com\/fr\/wp-json\/wp\/v2\/product_tag?post=17111"}],"curies":[{"name":"wp","href":"https:\/\/api.w.org\/{rel}","templated":true}]}}