{"id":17068,"date":"2013-12-14T09:07:26","date_gmt":"2013-12-14T14:07:26","guid":{"rendered":"https:\/\/brownhealthcare.flywheelsites.com\/?product=arm-bow-tube"},"modified":"2024-02-07T21:13:36","modified_gmt":"2024-02-08T02:13:36","slug":"arm-bow-tube","status":"publish","type":"product","link":"https:\/\/brownhealthcare.com\/fr\/produit\/arm-bow-tube\/","title":{"rendered":"Arm-Bow Tube"},"content":{"rendered":"<p>Deux couches de doux, l\u00e9ger MicroSpring Textile \u2122 forment un tube ample qui reste en place pour prot\u00e9ger l&#8217;avant-bras tout en prot\u00e9geant le coude avec 5 couches de MicroSpring Textile \u2122. Ne roulera pas autour du coude. Contrairement \u00e0 manches en tissu traditionnels qui sont serr\u00e9s et de liaison, les couches de microfilaments permettent le transfert de flux d&#8217;air et de l&#8217;humidit\u00e9.<\/p>\n","protected":false},"excerpt":{"rendered":"<p>Deux couches de doux, l\u00e9ger MicroSpring Textile \u2122 forment un  [&#8230;]<\/p>\n","protected":false},"featured_media":17062,"template":"","meta":[],"pwb-brand":[],"product_brand":[],"product_cat":[226,132,228],"product_tag":[],"class_list":{"0":"post-17068","1":"product","2":"type-product","3":"status-publish","4":"has-post-thumbnail","6":"product_cat-armtubes-fr","7":"product_cat-dermasaver-fr","8":"product_cat-skintubes-fr","10":"first","11":"instock","12":"taxable","13":"shipping-taxable","14":"product-type-variable"},"brands":[],"_links":{"self":[{"href":"https:\/\/brownhealthcare.com\/fr\/wp-json\/wp\/v2\/product\/17068","targetHints":{"allow":["GET"]}}],"collection":[{"href":"https:\/\/brownhealthcare.com\/fr\/wp-json\/wp\/v2\/product"}],"about":[{"href":"https:\/\/brownhealthcare.com\/fr\/wp-json\/wp\/v2\/types\/product"}],"wp:featuredmedia":[{"embeddable":true,"href":"https:\/\/brownhealthcare.com\/fr\/wp-json\/wp\/v2\/media\/17062"}],"wp:attachment":[{"href":"https:\/\/brownhealthcare.com\/fr\/wp-json\/wp\/v2\/media?parent=17068"}],"wp:term":[{"taxonomy":"pwb-brand","embeddable":true,"href":"https:\/\/brownhealthcare.com\/fr\/wp-json\/wp\/v2\/pwb-brand?post=17068"},{"taxonomy":"product_brand","embeddable":true,"href":"https:\/\/brownhealthcare.com\/fr\/wp-json\/wp\/v2\/product_brand?post=17068"},{"taxonomy":"product_cat","embeddable":true,"href":"https:\/\/brownhealthcare.com\/fr\/wp-json\/wp\/v2\/product_cat?post=17068"},{"taxonomy":"product_tag","embeddable":true,"href":"https:\/\/brownhealthcare.com\/fr\/wp-json\/wp\/v2\/product_tag?post=17068"}],"curies":[{"name":"wp","href":"https:\/\/api.w.org\/{rel}","templated":true}]}}