{"id":17054,"date":"2013-12-14T09:06:53","date_gmt":"2013-12-14T14:06:53","guid":{"rendered":"https:\/\/brownhealthcare.flywheelsites.com\/?product=tube-de-bras-avec-double-coude-protection"},"modified":"2024-02-07T21:14:52","modified_gmt":"2024-02-08T02:14:52","slug":"tube-de-bras-avec-double-coude-protection","status":"publish","type":"product","link":"https:\/\/brownhealthcare.com\/fr\/produit\/tube-de-bras-avec-double-coude-protection\/","title":{"rendered":"Tube de bras avec double coude protection"},"content":{"rendered":"<p>Comme le tube du bras, ce tube utilise deux couches de doux, l\u00e9ger MicroSpring Textile \u2122 pour former un tube ample qui reste en place pour prot\u00e9ger la peau fragile de la pression, la friction et les traumatismes mineurs qui se traduisent par des larmes, des ecchymoses et des \u00e9corchures. Pour une protection suppl\u00e9mentaire, 4 couches de textile MicroSpring mis 16 000 micro-filaments par pouce carr\u00e9 sur le coude. Il suffit de glisser le tube sur le bras, il n&#8217;y a pas de crochets et boucles ou spandex herm\u00e9tique. L&#8217;extr\u00e9mit\u00e9 la plus \u00e9troite du tube repose doucement sur le poignet pour l&#8217;emp\u00eacher de tomber. Les microfilaments crois\u00e9s dans le MicroSpring Textile \u2122 permet \u00e0 ces tubes souples pour \u00eatre autoportant &#8211; ils ne seront pas glisser ou se tasser.<\/p>\n","protected":false},"excerpt":{"rendered":"<p>Comme le tube du bras, ce tube utilise deux couches  [&#8230;]<\/p>\n","protected":false},"featured_media":17036,"template":"","meta":[],"pwb-brand":[],"product_brand":[],"product_cat":[226,132,228],"product_tag":[],"class_list":{"0":"post-17054","1":"product","2":"type-product","3":"status-publish","4":"has-post-thumbnail","6":"product_cat-armtubes-fr","7":"product_cat-dermasaver-fr","8":"product_cat-skintubes-fr","10":"first","11":"instock","12":"taxable","13":"shipping-taxable","14":"product-type-variable"},"brands":[],"_links":{"self":[{"href":"https:\/\/brownhealthcare.com\/fr\/wp-json\/wp\/v2\/product\/17054","targetHints":{"allow":["GET"]}}],"collection":[{"href":"https:\/\/brownhealthcare.com\/fr\/wp-json\/wp\/v2\/product"}],"about":[{"href":"https:\/\/brownhealthcare.com\/fr\/wp-json\/wp\/v2\/types\/product"}],"wp:featuredmedia":[{"embeddable":true,"href":"https:\/\/brownhealthcare.com\/fr\/wp-json\/wp\/v2\/media\/17036"}],"wp:attachment":[{"href":"https:\/\/brownhealthcare.com\/fr\/wp-json\/wp\/v2\/media?parent=17054"}],"wp:term":[{"taxonomy":"pwb-brand","embeddable":true,"href":"https:\/\/brownhealthcare.com\/fr\/wp-json\/wp\/v2\/pwb-brand?post=17054"},{"taxonomy":"product_brand","embeddable":true,"href":"https:\/\/brownhealthcare.com\/fr\/wp-json\/wp\/v2\/product_brand?post=17054"},{"taxonomy":"product_cat","embeddable":true,"href":"https:\/\/brownhealthcare.com\/fr\/wp-json\/wp\/v2\/product_cat?post=17054"},{"taxonomy":"product_tag","embeddable":true,"href":"https:\/\/brownhealthcare.com\/fr\/wp-json\/wp\/v2\/product_tag?post=17054"}],"curies":[{"name":"wp","href":"https:\/\/api.w.org\/{rel}","templated":true}]}}