{"id":17033,"date":"2013-12-14T09:17:55","date_gmt":"2013-12-14T14:17:55","guid":{"rendered":"https:\/\/brownhealthcare.flywheelsites.com\/?product=dermawrap"},"modified":"2024-02-07T20:45:19","modified_gmt":"2024-02-08T01:45:19","slug":"dermawrap","status":"publish","type":"product","link":"https:\/\/brownhealthcare.com\/fr\/produit\/dermawrap\/","title":{"rendered":"DermaWrap"},"content":{"rendered":"<p>Une seule couche de MicroSpring Textile \u2122 (5 &#8220;x10&#8221;) fournit une pression souple et m\u00eame pour des membres enfl\u00e9s. Peut \u00eatre fix\u00e9 par un ruban auto-agrippant ou d&#8217;autres moyens.<\/p>\n","protected":false},"excerpt":{"rendered":"<p>Une seule couche de MicroSpring Textile \u2122 (5 &#8220;x10&#8221;) fournit  [&#8230;]<\/p>\n","protected":false},"featured_media":17032,"template":"","meta":[],"pwb-brand":[],"product_brand":[],"product_cat":[132],"product_tag":[],"class_list":{"0":"post-17033","1":"product","2":"type-product","3":"status-publish","4":"has-post-thumbnail","6":"product_cat-dermasaver-fr","8":"first","9":"instock","10":"taxable","11":"shipping-taxable","12":"product-type-simple"},"brands":[],"_links":{"self":[{"href":"https:\/\/brownhealthcare.com\/fr\/wp-json\/wp\/v2\/product\/17033","targetHints":{"allow":["GET"]}}],"collection":[{"href":"https:\/\/brownhealthcare.com\/fr\/wp-json\/wp\/v2\/product"}],"about":[{"href":"https:\/\/brownhealthcare.com\/fr\/wp-json\/wp\/v2\/types\/product"}],"wp:featuredmedia":[{"embeddable":true,"href":"https:\/\/brownhealthcare.com\/fr\/wp-json\/wp\/v2\/media\/17032"}],"wp:attachment":[{"href":"https:\/\/brownhealthcare.com\/fr\/wp-json\/wp\/v2\/media?parent=17033"}],"wp:term":[{"taxonomy":"pwb-brand","embeddable":true,"href":"https:\/\/brownhealthcare.com\/fr\/wp-json\/wp\/v2\/pwb-brand?post=17033"},{"taxonomy":"product_brand","embeddable":true,"href":"https:\/\/brownhealthcare.com\/fr\/wp-json\/wp\/v2\/product_brand?post=17033"},{"taxonomy":"product_cat","embeddable":true,"href":"https:\/\/brownhealthcare.com\/fr\/wp-json\/wp\/v2\/product_cat?post=17033"},{"taxonomy":"product_tag","embeddable":true,"href":"https:\/\/brownhealthcare.com\/fr\/wp-json\/wp\/v2\/product_tag?post=17033"}],"curies":[{"name":"wp","href":"https:\/\/api.w.org\/{rel}","templated":true}]}}