{"id":16987,"date":"2013-12-14T09:16:33","date_gmt":"2013-12-14T14:16:33","guid":{"rendered":"https:\/\/brownhealthcare.flywheelsites.com\/?product=reduction-de-la-pression-taie-doreiller"},"modified":"2024-02-07T20:50:17","modified_gmt":"2024-02-08T01:50:17","slug":"reduction-de-la-pression-taie-doreiller","status":"publish","type":"product","link":"https:\/\/brownhealthcare.com\/fr\/produit\/reduction-de-la-pression-taie-doreiller\/","title":{"rendered":"R\u00e9duction de la pression Taie d&#8217;oreiller"},"content":{"rendered":"<p>Taille de taie d&#8217;oreiller standard (26 &#8220;x 20&#8221;) avec 5 couches de MicroSpring Textile \u2122 sur le c\u00f4t\u00e9 haut pour r\u00e9duire la pression et de cisaillement \u00e0 l&#8217;arri\u00e8re de la t\u00eate et les oreilles pendant le sommeil ou fixant<\/p>\n","protected":false},"excerpt":{"rendered":"<p>Taille de taie d&#8217;oreiller standard (26 &#8220;x 20&#8221;) avec 5  [&#8230;]<\/p>\n","protected":false},"featured_media":16986,"template":"","meta":[],"pwb-brand":[],"product_brand":[],"product_cat":[132],"product_tag":[],"class_list":{"0":"post-16987","1":"product","2":"type-product","3":"status-publish","4":"has-post-thumbnail","6":"product_cat-dermasaver-fr","8":"first","9":"instock","10":"taxable","11":"shipping-taxable","12":"product-type-simple"},"brands":[],"_links":{"self":[{"href":"https:\/\/brownhealthcare.com\/fr\/wp-json\/wp\/v2\/product\/16987","targetHints":{"allow":["GET"]}}],"collection":[{"href":"https:\/\/brownhealthcare.com\/fr\/wp-json\/wp\/v2\/product"}],"about":[{"href":"https:\/\/brownhealthcare.com\/fr\/wp-json\/wp\/v2\/types\/product"}],"wp:featuredmedia":[{"embeddable":true,"href":"https:\/\/brownhealthcare.com\/fr\/wp-json\/wp\/v2\/media\/16986"}],"wp:attachment":[{"href":"https:\/\/brownhealthcare.com\/fr\/wp-json\/wp\/v2\/media?parent=16987"}],"wp:term":[{"taxonomy":"pwb-brand","embeddable":true,"href":"https:\/\/brownhealthcare.com\/fr\/wp-json\/wp\/v2\/pwb-brand?post=16987"},{"taxonomy":"product_brand","embeddable":true,"href":"https:\/\/brownhealthcare.com\/fr\/wp-json\/wp\/v2\/product_brand?post=16987"},{"taxonomy":"product_cat","embeddable":true,"href":"https:\/\/brownhealthcare.com\/fr\/wp-json\/wp\/v2\/product_cat?post=16987"},{"taxonomy":"product_tag","embeddable":true,"href":"https:\/\/brownhealthcare.com\/fr\/wp-json\/wp\/v2\/product_tag?post=16987"}],"curies":[{"name":"wp","href":"https:\/\/api.w.org\/{rel}","templated":true}]}}