{"id":16983,"date":"2013-12-14T09:16:07","date_gmt":"2013-12-14T14:16:07","guid":{"rendered":"https:\/\/brownhealthcare.flywheelsites.com\/?product=tapis-dinterface-de-reduction-de-pression"},"modified":"2024-02-07T20:51:29","modified_gmt":"2024-02-08T01:51:29","slug":"tapis-dinterface-de-reduction-de-pression","status":"publish","type":"product","link":"https:\/\/brownhealthcare.com\/fr\/produit\/tapis-dinterface-de-reduction-de-pression\/","title":{"rendered":"Tapis d&#8217;interface de r\u00e9duction de pression"},"content":{"rendered":"<p>Utilisez au-dessus du siege ou attache a l&#8217;arriere de votre fauteuil roulant.\u00a0<span style=\"line-height: 1.6em;\">Cinq couches de MicroSpring Textile \u2122 fournissent la r\u00e9duction de la pression, la friction et de cisaillement. Parfait pour les zones de torse telles que l&#8217;omoplate, du sacrum, des c\u00f4tes, du trochanter tub\u00e9rosit\u00e9 ischiatique et condoyles. Chaises roulantes coussin a des boucles de tissu de sorte que le coussin peut \u00eatre utilis\u00e9 sur le si\u00e8ge ou fauteuil en arri\u00e8re. Les boucles peuvent \u00eatre coup\u00e9es si pas n\u00e9cessaire.<\/span><\/p>\n<p>Taille unique: 18 &#8220;x 18&#8221; &lt;\/ p&gt;<\/p>\n","protected":false},"excerpt":{"rendered":"<p>Utilisez au-dessus du siege ou attache a l&#8217;arriere de votre  [&#8230;]<\/p>\n","protected":false},"featured_media":16982,"template":"","meta":[],"pwb-brand":[],"product_brand":[],"product_cat":[132],"product_tag":[],"class_list":{"0":"post-16983","1":"product","2":"type-product","3":"status-publish","4":"has-post-thumbnail","6":"product_cat-dermasaver-fr","8":"first","9":"instock","10":"taxable","11":"shipping-taxable","12":"product-type-simple"},"brands":[],"_links":{"self":[{"href":"https:\/\/brownhealthcare.com\/fr\/wp-json\/wp\/v2\/product\/16983","targetHints":{"allow":["GET"]}}],"collection":[{"href":"https:\/\/brownhealthcare.com\/fr\/wp-json\/wp\/v2\/product"}],"about":[{"href":"https:\/\/brownhealthcare.com\/fr\/wp-json\/wp\/v2\/types\/product"}],"wp:featuredmedia":[{"embeddable":true,"href":"https:\/\/brownhealthcare.com\/fr\/wp-json\/wp\/v2\/media\/16982"}],"wp:attachment":[{"href":"https:\/\/brownhealthcare.com\/fr\/wp-json\/wp\/v2\/media?parent=16983"}],"wp:term":[{"taxonomy":"pwb-brand","embeddable":true,"href":"https:\/\/brownhealthcare.com\/fr\/wp-json\/wp\/v2\/pwb-brand?post=16983"},{"taxonomy":"product_brand","embeddable":true,"href":"https:\/\/brownhealthcare.com\/fr\/wp-json\/wp\/v2\/product_brand?post=16983"},{"taxonomy":"product_cat","embeddable":true,"href":"https:\/\/brownhealthcare.com\/fr\/wp-json\/wp\/v2\/product_cat?post=16983"},{"taxonomy":"product_tag","embeddable":true,"href":"https:\/\/brownhealthcare.com\/fr\/wp-json\/wp\/v2\/product_tag?post=16983"}],"curies":[{"name":"wp","href":"https:\/\/api.w.org\/{rel}","templated":true}]}}