{"id":16960,"date":"2013-12-14T09:14:09","date_gmt":"2013-12-14T14:14:09","guid":{"rendered":"https:\/\/brownhealthcare.flywheelsites.com\/?product=tube-de-tibia"},"modified":"2024-02-07T20:53:27","modified_gmt":"2024-02-08T01:53:27","slug":"tube-de-tibia","status":"publish","type":"product","link":"https:\/\/brownhealthcare.com\/fr\/produit\/tube-de-tibia\/","title":{"rendered":"tube de tibia"},"content":{"rendered":"<p>Deux couches de doux, l\u00e9ger MicroSpring Textile \u2122 forment un tube ample qui reste en place pour prot\u00e9ger la peau fragile de la pression, la friction et les traumatismes mineurs qui se traduisent par des larmes, des ecchymoses et des \u00e9corchures. Contrairement \u00e0 manches ou des bas de tissu traditionnels qui sont serr\u00e9s et de liaison, les couches de microfilaments permettent le transfert de flux d&#8217;air et de l&#8217;humidit\u00e9. Il suffit de glisser le tube sur la jambe, il n&#8217;y a pas de crochets et boucles ou spandex herm\u00e9tique. L&#8217;extr\u00e9mit\u00e9 la plus \u00e9troite du tube repose doucement sur la cheville pour l&#8217;emp\u00eacher de tomber. Les microfilaments crois\u00e9s dans le MicroSpring Textile \u2122 permet \u00e0 ces tubes souples pour \u00eatre autoportant &#8211; ils ne seront pas glisser ou se tasser.<\/p>\n","protected":false},"excerpt":{"rendered":"<p>Deux couches de doux, l\u00e9ger MicroSpring Textile \u2122 forment un  [&#8230;]<\/p>\n","protected":false},"featured_media":16954,"template":"","meta":[],"pwb-brand":[],"product_brand":[],"product_cat":[132,227,228],"product_tag":[],"class_list":{"0":"post-16960","1":"product","2":"type-product","3":"status-publish","4":"has-post-thumbnail","6":"product_cat-dermasaver-fr","7":"product_cat-legtubes-fr","8":"product_cat-skintubes-fr","10":"first","11":"instock","12":"taxable","13":"shipping-taxable","14":"product-type-variable"},"brands":[],"_links":{"self":[{"href":"https:\/\/brownhealthcare.com\/fr\/wp-json\/wp\/v2\/product\/16960","targetHints":{"allow":["GET"]}}],"collection":[{"href":"https:\/\/brownhealthcare.com\/fr\/wp-json\/wp\/v2\/product"}],"about":[{"href":"https:\/\/brownhealthcare.com\/fr\/wp-json\/wp\/v2\/types\/product"}],"wp:featuredmedia":[{"embeddable":true,"href":"https:\/\/brownhealthcare.com\/fr\/wp-json\/wp\/v2\/media\/16954"}],"wp:attachment":[{"href":"https:\/\/brownhealthcare.com\/fr\/wp-json\/wp\/v2\/media?parent=16960"}],"wp:term":[{"taxonomy":"pwb-brand","embeddable":true,"href":"https:\/\/brownhealthcare.com\/fr\/wp-json\/wp\/v2\/pwb-brand?post=16960"},{"taxonomy":"product_brand","embeddable":true,"href":"https:\/\/brownhealthcare.com\/fr\/wp-json\/wp\/v2\/product_brand?post=16960"},{"taxonomy":"product_cat","embeddable":true,"href":"https:\/\/brownhealthcare.com\/fr\/wp-json\/wp\/v2\/product_cat?post=16960"},{"taxonomy":"product_tag","embeddable":true,"href":"https:\/\/brownhealthcare.com\/fr\/wp-json\/wp\/v2\/product_tag?post=16960"}],"curies":[{"name":"wp","href":"https:\/\/api.w.org\/{rel}","templated":true}]}}