{"id":16946,"date":"2013-12-14T09:13:49","date_gmt":"2013-12-14T14:13:49","guid":{"rendered":"https:\/\/brownhealthcare.flywheelsites.com\/?product=tube-de-genou"},"modified":"2024-02-07T20:54:59","modified_gmt":"2024-02-08T01:54:59","slug":"tube-de-genou","status":"publish","type":"product","link":"https:\/\/brownhealthcare.com\/fr\/produit\/tube-de-genou\/","title":{"rendered":"tube de genou"},"content":{"rendered":"<p>Deux couches de doux, l\u00e9ger MicroSpring Textile \u2122 forment un tube ample qui reste en place pour prot\u00e9ger la peau fragile de la pression, la friction et les traumatismes mineurs qui se traduisent par des larmes, des ecchymoses et des \u00e9corchures. Contrairement \u00e0 manches ou des bas de tissu traditionnels qui sont serr\u00e9s et de liaison, les couches de microfilaments permettent le transfert de flux d&#8217;air et de l&#8217;humidit\u00e9. Il suffit de glisser le tube sur le genou, il n&#8217;y a pas de crochets et boucles ou spandex herm\u00e9tique. Construction conique unique tient le tube en place. Les microfilaments crois\u00e9s dans le MicroSpring Textile \u2122 permet \u00e0 ces tubes souples pour \u00eatre autoportant &#8211; ils ne seront pas glisser ou se tasser.<\/p>\n","protected":false},"excerpt":{"rendered":"<p>Deux couches de doux, l\u00e9ger MicroSpring Textile \u2122 forment un  [&#8230;]<\/p>\n","protected":false},"featured_media":16892,"template":"","meta":[],"pwb-brand":[],"product_brand":[],"product_cat":[132],"product_tag":[],"class_list":{"0":"post-16946","1":"product","2":"type-product","3":"status-publish","4":"has-post-thumbnail","6":"product_cat-dermasaver-fr","8":"first","9":"instock","10":"taxable","11":"shipping-taxable","12":"product-type-variable"},"brands":[],"_links":{"self":[{"href":"https:\/\/brownhealthcare.com\/fr\/wp-json\/wp\/v2\/product\/16946","targetHints":{"allow":["GET"]}}],"collection":[{"href":"https:\/\/brownhealthcare.com\/fr\/wp-json\/wp\/v2\/product"}],"about":[{"href":"https:\/\/brownhealthcare.com\/fr\/wp-json\/wp\/v2\/types\/product"}],"wp:featuredmedia":[{"embeddable":true,"href":"https:\/\/brownhealthcare.com\/fr\/wp-json\/wp\/v2\/media\/16892"}],"wp:attachment":[{"href":"https:\/\/brownhealthcare.com\/fr\/wp-json\/wp\/v2\/media?parent=16946"}],"wp:term":[{"taxonomy":"pwb-brand","embeddable":true,"href":"https:\/\/brownhealthcare.com\/fr\/wp-json\/wp\/v2\/pwb-brand?post=16946"},{"taxonomy":"product_brand","embeddable":true,"href":"https:\/\/brownhealthcare.com\/fr\/wp-json\/wp\/v2\/product_brand?post=16946"},{"taxonomy":"product_cat","embeddable":true,"href":"https:\/\/brownhealthcare.com\/fr\/wp-json\/wp\/v2\/product_cat?post=16946"},{"taxonomy":"product_tag","embeddable":true,"href":"https:\/\/brownhealthcare.com\/fr\/wp-json\/wp\/v2\/product_tag?post=16946"}],"curies":[{"name":"wp","href":"https:\/\/api.w.org\/{rel}","templated":true}]}}