{"id":16865,"date":"2013-12-14T09:11:36","date_gmt":"2013-12-14T14:11:36","guid":{"rendered":"https:\/\/brownhealthcare.flywheelsites.com\/?product=stay-put"},"modified":"2024-02-07T21:00:53","modified_gmt":"2024-02-08T02:00:53","slug":"stay-put-2","status":"publish","type":"product","link":"https:\/\/brownhealthcare.com\/fr\/produit\/stay-put-2\/","title":{"rendered":"Stay-Put"},"content":{"rendered":"<p>Cinq couches de MicroSpring Textile \u2122 couvrent le talon pour soulager la pression et la friction sur le talon et mall\u00e9ole. La conception unique maintient le protecteur de talon de rouler ou glisser le pied. Assez confortable \u00e0 porter toute la journ\u00e9e et toute la nuit. Peut \u00eatre port\u00e9 en marchant.<\/p>\n","protected":false},"excerpt":{"rendered":"<p>Cinq couches de MicroSpring Textile \u2122 couvrent le talon pour  [&#8230;]<\/p>\n","protected":false},"featured_media":16860,"template":"","meta":[],"pwb-brand":[],"product_brand":[],"product_cat":[132,228],"product_tag":[],"class_list":{"0":"post-16865","1":"product","2":"type-product","3":"status-publish","4":"has-post-thumbnail","6":"product_cat-dermasaver-fr","7":"product_cat-skintubes-fr","9":"first","10":"instock","11":"taxable","12":"shipping-taxable","13":"product-type-variable"},"brands":[],"_links":{"self":[{"href":"https:\/\/brownhealthcare.com\/fr\/wp-json\/wp\/v2\/product\/16865","targetHints":{"allow":["GET"]}}],"collection":[{"href":"https:\/\/brownhealthcare.com\/fr\/wp-json\/wp\/v2\/product"}],"about":[{"href":"https:\/\/brownhealthcare.com\/fr\/wp-json\/wp\/v2\/types\/product"}],"wp:featuredmedia":[{"embeddable":true,"href":"https:\/\/brownhealthcare.com\/fr\/wp-json\/wp\/v2\/media\/16860"}],"wp:attachment":[{"href":"https:\/\/brownhealthcare.com\/fr\/wp-json\/wp\/v2\/media?parent=16865"}],"wp:term":[{"taxonomy":"pwb-brand","embeddable":true,"href":"https:\/\/brownhealthcare.com\/fr\/wp-json\/wp\/v2\/pwb-brand?post=16865"},{"taxonomy":"product_brand","embeddable":true,"href":"https:\/\/brownhealthcare.com\/fr\/wp-json\/wp\/v2\/product_brand?post=16865"},{"taxonomy":"product_cat","embeddable":true,"href":"https:\/\/brownhealthcare.com\/fr\/wp-json\/wp\/v2\/product_cat?post=16865"},{"taxonomy":"product_tag","embeddable":true,"href":"https:\/\/brownhealthcare.com\/fr\/wp-json\/wp\/v2\/product_tag?post=16865"}],"curies":[{"name":"wp","href":"https:\/\/api.w.org\/{rel}","templated":true}]}}