{"id":16837,"date":"2013-12-14T09:10:14","date_gmt":"2013-12-14T14:10:14","guid":{"rendered":"https:\/\/brownhealthcare.flywheelsites.com\/?product=separateur-des-doigts"},"modified":"2024-02-07T21:06:18","modified_gmt":"2024-02-08T02:06:18","slug":"separateur-des-doigts","status":"publish","type":"product","link":"https:\/\/brownhealthcare.com\/fr\/produit\/separateur-des-doigts\/","title":{"rendered":"s\u00e9parateur des doigts"},"content":{"rendered":"<p>Quatre couches tendres de MicroSpring textile sont plac\u00e9s entre chaque doigt et l&#8217;oreiller de palme de rembourrage offre un maximum de confort. Bandeau r\u00e9glable avec Velcro \u00ae. Ne sera pas aplatir.<\/p>\n","protected":false},"excerpt":{"rendered":"<p>Quatre couches tendres de MicroSpring textile sont plac\u00e9s entre chaque  [&#8230;]<\/p>\n","protected":false},"featured_media":16836,"template":"","meta":[],"pwb-brand":[],"product_brand":[],"product_cat":[132],"product_tag":[],"class_list":{"0":"post-16837","1":"product","2":"type-product","3":"status-publish","4":"has-post-thumbnail","6":"product_cat-dermasaver-fr","8":"first","9":"instock","10":"taxable","11":"shipping-taxable","12":"product-type-simple"},"brands":[],"_links":{"self":[{"href":"https:\/\/brownhealthcare.com\/fr\/wp-json\/wp\/v2\/product\/16837","targetHints":{"allow":["GET"]}}],"collection":[{"href":"https:\/\/brownhealthcare.com\/fr\/wp-json\/wp\/v2\/product"}],"about":[{"href":"https:\/\/brownhealthcare.com\/fr\/wp-json\/wp\/v2\/types\/product"}],"wp:featuredmedia":[{"embeddable":true,"href":"https:\/\/brownhealthcare.com\/fr\/wp-json\/wp\/v2\/media\/16836"}],"wp:attachment":[{"href":"https:\/\/brownhealthcare.com\/fr\/wp-json\/wp\/v2\/media?parent=16837"}],"wp:term":[{"taxonomy":"pwb-brand","embeddable":true,"href":"https:\/\/brownhealthcare.com\/fr\/wp-json\/wp\/v2\/pwb-brand?post=16837"},{"taxonomy":"product_brand","embeddable":true,"href":"https:\/\/brownhealthcare.com\/fr\/wp-json\/wp\/v2\/product_brand?post=16837"},{"taxonomy":"product_cat","embeddable":true,"href":"https:\/\/brownhealthcare.com\/fr\/wp-json\/wp\/v2\/product_cat?post=16837"},{"taxonomy":"product_tag","embeddable":true,"href":"https:\/\/brownhealthcare.com\/fr\/wp-json\/wp\/v2\/product_tag?post=16837"}],"curies":[{"name":"wp","href":"https:\/\/api.w.org\/{rel}","templated":true}]}}