{"id":16831,"date":"2013-12-14T09:09:58","date_gmt":"2013-12-14T14:09:58","guid":{"rendered":"https:\/\/brownhealthcare.flywheelsites.com\/?product=dermamitt"},"modified":"2024-02-07T21:07:23","modified_gmt":"2024-02-08T02:07:23","slug":"dermamitt","status":"publish","type":"product","link":"https:\/\/brownhealthcare.com\/fr\/produit\/dermamitt\/","title":{"rendered":"DermaMitt"},"content":{"rendered":"<p>Deux couches de MicroSpring textile avec une couche interne de base de demi-pouce polyfil aide \u00e0 pr\u00e9venir les rayures et le tube de traction. Prot\u00e8ge la peau fragile sur les mains. Bande Velcro \u00ae de fixation est repli\u00e9 sous brassard doux.<\/p>\n","protected":false},"excerpt":{"rendered":"<p>Deux couches de MicroSpring textile avec une couche interne de  [&#8230;]<\/p>\n","protected":false},"featured_media":16828,"template":"","meta":[],"pwb-brand":[],"product_brand":[],"product_cat":[132],"product_tag":[],"class_list":{"0":"post-16831","1":"product","2":"type-product","3":"status-publish","4":"has-post-thumbnail","6":"product_cat-dermasaver-fr","8":"first","9":"instock","10":"taxable","11":"shipping-taxable","12":"product-type-variable"},"brands":[],"_links":{"self":[{"href":"https:\/\/brownhealthcare.com\/fr\/wp-json\/wp\/v2\/product\/16831","targetHints":{"allow":["GET"]}}],"collection":[{"href":"https:\/\/brownhealthcare.com\/fr\/wp-json\/wp\/v2\/product"}],"about":[{"href":"https:\/\/brownhealthcare.com\/fr\/wp-json\/wp\/v2\/types\/product"}],"wp:featuredmedia":[{"embeddable":true,"href":"https:\/\/brownhealthcare.com\/fr\/wp-json\/wp\/v2\/media\/16828"}],"wp:attachment":[{"href":"https:\/\/brownhealthcare.com\/fr\/wp-json\/wp\/v2\/media?parent=16831"}],"wp:term":[{"taxonomy":"pwb-brand","embeddable":true,"href":"https:\/\/brownhealthcare.com\/fr\/wp-json\/wp\/v2\/pwb-brand?post=16831"},{"taxonomy":"product_brand","embeddable":true,"href":"https:\/\/brownhealthcare.com\/fr\/wp-json\/wp\/v2\/product_brand?post=16831"},{"taxonomy":"product_cat","embeddable":true,"href":"https:\/\/brownhealthcare.com\/fr\/wp-json\/wp\/v2\/product_cat?post=16831"},{"taxonomy":"product_tag","embeddable":true,"href":"https:\/\/brownhealthcare.com\/fr\/wp-json\/wp\/v2\/product_tag?post=16831"}],"curies":[{"name":"wp","href":"https:\/\/api.w.org\/{rel}","templated":true}]}}