{"id":16821,"date":"2013-12-14T09:09:24","date_gmt":"2013-12-14T14:09:24","guid":{"rendered":"https:\/\/brownhealthcare.flywheelsites.com\/?product=zip-tube-for-arms"},"modified":"2024-02-07T21:08:16","modified_gmt":"2024-02-08T02:08:16","slug":"zip-tube-for-arms","status":"publish","type":"product","link":"https:\/\/brownhealthcare.com\/fr\/produit\/zip-tube-for-arms\/","title":{"rendered":"Zip Tube for Arms"},"content":{"rendered":"<p>Deux couches de doux, l\u00e9ger MicroSpring Textile \u2122 met un respirant surface molle, spongieuse \u00e0 c\u00f4t\u00e9 de la peau avec l&#8217;avantage suppl\u00e9mentaire d&#8217;une fermeture \u00e9clair qui s&#8217;ouvre pour permettre l&#8217;inspection du IV le site et l&#8217;emplacement de la plaie. Assez l\u00e2che pour tourner. Zipper ne pas entrer en contact avec la peau. Dimensionnement pour Tubes postaux de bras: Mesurez autour de la partie la plus large de l&#8217;avant-bras. Choisissez la taille plus grande si la mesure est entre deux tailles.<\/p>\n","protected":false},"excerpt":{"rendered":"<p>Deux couches de doux, l\u00e9ger MicroSpring Textile \u2122 met un  [&#8230;]<\/p>\n","protected":false},"featured_media":16816,"template":"","meta":[],"pwb-brand":[],"product_brand":[],"product_cat":[132],"product_tag":[],"class_list":{"0":"post-16821","1":"product","2":"type-product","3":"status-publish","4":"has-post-thumbnail","6":"product_cat-dermasaver-fr","8":"first","9":"instock","10":"taxable","11":"shipping-taxable","12":"product-type-variable"},"brands":[],"_links":{"self":[{"href":"https:\/\/brownhealthcare.com\/fr\/wp-json\/wp\/v2\/product\/16821","targetHints":{"allow":["GET"]}}],"collection":[{"href":"https:\/\/brownhealthcare.com\/fr\/wp-json\/wp\/v2\/product"}],"about":[{"href":"https:\/\/brownhealthcare.com\/fr\/wp-json\/wp\/v2\/types\/product"}],"wp:featuredmedia":[{"embeddable":true,"href":"https:\/\/brownhealthcare.com\/fr\/wp-json\/wp\/v2\/media\/16816"}],"wp:attachment":[{"href":"https:\/\/brownhealthcare.com\/fr\/wp-json\/wp\/v2\/media?parent=16821"}],"wp:term":[{"taxonomy":"pwb-brand","embeddable":true,"href":"https:\/\/brownhealthcare.com\/fr\/wp-json\/wp\/v2\/pwb-brand?post=16821"},{"taxonomy":"product_brand","embeddable":true,"href":"https:\/\/brownhealthcare.com\/fr\/wp-json\/wp\/v2\/product_brand?post=16821"},{"taxonomy":"product_cat","embeddable":true,"href":"https:\/\/brownhealthcare.com\/fr\/wp-json\/wp\/v2\/product_cat?post=16821"},{"taxonomy":"product_tag","embeddable":true,"href":"https:\/\/brownhealthcare.com\/fr\/wp-json\/wp\/v2\/product_tag?post=16821"}],"curies":[{"name":"wp","href":"https:\/\/api.w.org\/{rel}","templated":true}]}}