{"id":16783,"date":"2013-07-03T20:08:01","date_gmt":"2013-07-04T00:08:01","guid":{"rendered":"https:\/\/brownhealthcare.flywheelsites.com\/?product=chapeau-de-soleil-headsaver"},"modified":"2024-02-07T21:18:42","modified_gmt":"2024-02-08T02:18:42","slug":"chapeau-de-soleil-headsaver","status":"publish","type":"product","link":"https:\/\/brownhealthcare.com\/fr\/produit\/chapeau-de-soleil-headsaver\/","title":{"rendered":"Chapeau de soleil HeadSaver"},"content":{"rendered":"<p>Ce chapeau de soleil \u00e9l\u00e9gant et de haute qualit\u00e9 compl\u00e8te parfaitement le casque protecteur HeadSaver. Non seulement prot\u00e8ge-t-il contre le soleil, mais il est aussi discret et \u00e0 la mode!<\/p>\n<p>Il a \u00e9t\u00e9 sp\u00e9cialement fabriqu\u00e9 pour s&#8217;adapter au HeadSaver, et affiche un logo HeadSaver discret sur le devant.<\/p>\n","protected":false},"excerpt":{"rendered":"<p>Ce chapeau de soleil \u00e9l\u00e9gant et de haute qualit\u00e9 compl\u00e8te  [&#8230;]<\/p>\n","protected":false},"featured_media":16780,"template":"","meta":[],"pwb-brand":[],"product_brand":[],"product_cat":[138],"product_tag":[],"class_list":{"0":"post-16783","1":"product","2":"type-product","3":"status-publish","4":"has-post-thumbnail","6":"product_cat-headsaver-fr","8":"first","9":"instock","10":"taxable","11":"shipping-taxable","12":"purchasable","13":"product-type-variable"},"brands":[],"_links":{"self":[{"href":"https:\/\/brownhealthcare.com\/fr\/wp-json\/wp\/v2\/product\/16783","targetHints":{"allow":["GET"]}}],"collection":[{"href":"https:\/\/brownhealthcare.com\/fr\/wp-json\/wp\/v2\/product"}],"about":[{"href":"https:\/\/brownhealthcare.com\/fr\/wp-json\/wp\/v2\/types\/product"}],"wp:featuredmedia":[{"embeddable":true,"href":"https:\/\/brownhealthcare.com\/fr\/wp-json\/wp\/v2\/media\/16780"}],"wp:attachment":[{"href":"https:\/\/brownhealthcare.com\/fr\/wp-json\/wp\/v2\/media?parent=16783"}],"wp:term":[{"taxonomy":"pwb-brand","embeddable":true,"href":"https:\/\/brownhealthcare.com\/fr\/wp-json\/wp\/v2\/pwb-brand?post=16783"},{"taxonomy":"product_brand","embeddable":true,"href":"https:\/\/brownhealthcare.com\/fr\/wp-json\/wp\/v2\/product_brand?post=16783"},{"taxonomy":"product_cat","embeddable":true,"href":"https:\/\/brownhealthcare.com\/fr\/wp-json\/wp\/v2\/product_cat?post=16783"},{"taxonomy":"product_tag","embeddable":true,"href":"https:\/\/brownhealthcare.com\/fr\/wp-json\/wp\/v2\/product_tag?post=16783"}],"curies":[{"name":"wp","href":"https:\/\/api.w.org\/{rel}","templated":true}]}}